{"id":7001,"date":"2022-05-07T14:06:09","date_gmt":"2022-05-07T13:06:09","guid":{"rendered":"https:\/\/europainversi.org\/esiti-premio-2021-copy\/"},"modified":"2022-07-20T09:43:55","modified_gmt":"2022-07-20T08:43:55","slug":"esiti-premio-2022","status":"publish","type":"page","link":"https:\/\/europainversi.org\/en\/esiti-premio-2022\/","title":{"rendered":"WINNERS AND FINALISTS 2022"},"content":{"rendered":"<div class=\"wpb-content-wrapper\">[vc_row][vc_column][vc_single_image image=\"7010\" img_size=\"full\"][vc_row_inner][vc_column_inner][vc_custom_heading text=\"SELECTION OF WINNERS AND FINALISTS<br \/>\nOF THE INTERNATIONAL POETRY AND NARRATIVE AWARD EUROPA IN VERSI 2022\" font_container=\"tag:h1|text_align:left|color:%231c4f4b\" google_fonts=\"font_family:Oswald%3A300%2Cregular%2C700|font_style:700%20bold%20regular%3A700%3Anormal\"][\/vc_column_inner][\/vc_row_inner][vc_empty_space][vc_separator][vc_column_text]\n<p style=\"text-align: justify;\">Among the works received for the <span style=\"color: #1c4f4b;\"><strong>PUBLISHED POETRY<\/strong><\/span> section, the jury decided to proclaim WINNERS WITH EQUAL MERITS:<\/p>\n<p><strong>DI PALMO PASQUALE<\/strong>, <em>Breviario delle rovine<\/em>, Medusa<br \/>\n<strong>MASSARI STEFANO<\/strong>, <em>Macchine del diluvio<\/em>, MC Edizioni<\/p>\n<p>FINALISTS WITH EQUAL MERITS:<\/p>\n<p><strong>AGUSTONI NADIA<\/strong>, <em>La casa \u00e8 nera<\/em>, Vydia Editore<br \/>\n<strong>BELLASIO ALESSANDRO<\/strong>, <em>Monade<\/em>, L\u2019Arcolaio<\/p>\n<p>The jury also decided to report the works of the following authors:<\/p>\n<p><strong>BORGNA GABRIELE<\/strong>, <em>Manufatti del dissesto<\/em>, edizioni Minerva<br \/>\n<strong>BRONICO ALESSIA<\/strong>, <em>Amore a posteriori<\/em>, Ensemble<br \/>\n<strong>CAMPANA LUCA<\/strong>, <em>Fioriture invernali<\/em>, Interno Poesia<br \/>\n<strong>CANZIANI CAROLINA<\/strong>, <em>Riparare con l\u2019oro<\/em>, peQuod<br \/>\n<strong>DI CORCIA LAURA<\/strong>, <em>Diorama<\/em>, TLON<br \/>\n<strong>FERRAMOSCA ANNAMARIA<\/strong>, Per segni accesi, Giuliano L\u2019Adolfi editore<br \/>\n<strong>FLORIS RAFFAELE<\/strong>, Senza margini d\u2019azzurro, puntoacapo editore<br \/>\n<strong>IANNONE FRANCESCO<\/strong>, <em>Prima opera del gesto<\/em>, peQuod<br \/>\n<strong>NACCA GIOVANNI<\/strong>, <em>Il tempo e la cenere<\/em>, il faggio editore<br \/>\n<strong>RIMOLO ELEONORA<\/strong>, <em>Prossimo e remoto<\/em>, peQuod<br \/>\n<strong>ZANARELLA MICHELA<\/strong>, <em>Recupero dell\u2019essenziale<\/em>, Interno Poesia[\/vc_column_text][vc_separator][vc_column_text]Among the works received for the <span style=\"color: #1c4f4b;\"><strong>UNPUBLISHED POETRY<\/strong><\/span> section, the jury decided to proclaim OVERALL WINNER:<\/p>\n<p><strong>COSTANTINI LAURA<\/strong>, <em>Urano<\/em><\/p>\n<p>FINALISTS WITH EQUAL MERITS:<\/p>\n<p><strong>PAPAIS TOMMASO<\/strong>, <em>Segnale, Nascita di una stella, Mentre pedali<\/em><br \/>\n<strong>SCHIAVO PIERO<\/strong>, <em>Non c\u2019\u00e8 colpa, Potersi sottrarre, Alla mensa di via del Lavoro<\/em><\/p>\n<p>The jury also decided to report the works of the following authors:<\/p>\n<p><strong>ACETI GIANLUIGI<\/strong>, <em>Alba sovrana, Pioggia, Uncovid finale<\/em><br \/>\n<strong>BONACCI PAOLO<\/strong>, <em>Tellus Aliena<\/em><br \/>\n<strong>CHIURAZZI MONICA<\/strong>, <em>Silsersee, Cadono sulla pelle, Cammina la donna<\/em><br \/>\n<strong>CIONI LAURA<\/strong>, <em>Con la gentilezza tipica, Stregatta, Faro<\/em><br \/>\n<strong>DI CROCE DANILA<\/strong>, <em>Una commedia divina, Sei pi\u00f9 presente, pi\u00f9 di quanto il cuore, Sar\u00e0 l\u2019attimo della composizione<\/em><br \/>\n<strong>FLORIS RAFFAELE<\/strong>, <em>Il chiaravalle, Monete fuori corso, La risacca<\/em><br \/>\n<strong>GOFFETTI DANTE<\/strong>, <em>Immagini di donne e altre poesie<\/em><br \/>\n<strong>MAFFETTONE MARIALUISA<\/strong>, <em>Nell\u2019avvenimento, Superiore a cosa, Interrotta serenit\u00e0<\/em><br \/>\n<strong>MENOZZI FRANCESCO<\/strong>, <em>Non dimenticare il mondo, Certe cose, Le parole che io vi dico<\/em><br \/>\n<strong>OTTOBRE ALFONSO<\/strong>, <em>La nave frangisilenzio<\/em><br \/>\n<strong>SALVIA ROSA<\/strong>, <em>In questo mondo e accanto<\/em><br \/>\n<strong>STOCCORO GIANCARLO<\/strong>, <em>Esercizi di sparizione<\/em><br \/>\n<strong>ZINFOLINO CRISTIAN<\/strong>, <em>Touch\u00e9, Florilegium, Genesi<\/em>[\/vc_column_text][vc_separator][vc_column_text]Among the works received in the <strong><span style=\"color: #1c4f4b;\">YOUNG POETRY<\/span><\/strong> section, the jury decided to proclaim OVERALL WINNER:<\/p>\n<p><strong>CONVERTINO EDOARDO<\/strong>, <em>Magia e affini<\/em><\/p>\n<p>FINALISTS WITH EQUAL MERITS:<\/p>\n<p><strong>CARUGATI CHIARA<\/strong>, <em>Uccelli radioattivi<\/em><br \/>\n<strong>LIPPERI ISABELLA<\/strong>, <em>Mantieni il fuoco<\/em><br \/>\n<strong>VAUDO ASIA<\/strong>, <em>Svegliami quando, Giallo, Pollice<\/em><\/p>\n<p>The jury also decided to report the works of the following authors:<\/p>\n<p><strong>ASSELTA GIULIA<\/strong>, <em>Essaudati<\/em><br \/>\n<strong>BERTONI LORENZO<\/strong>, <em>La pelle, Il contatto, Cammino lento<\/em><br \/>\n<strong>LOVISETTO GIOVANNI<\/strong>,<em> Le vene del marmo<\/em><br \/>\n<strong>MILLERI DIMITRI<\/strong>, <em>Leggenda dell\u2019altro s\u00e9, Leggenda del primo uomo, Leggenda del patriarca<\/em><br \/>\n<strong>SINATRA GLORIA<\/strong>, <em>Crepe al sole<\/em><br \/>\n<strong>TISANO ANDREA<\/strong>, <em>Come quando\u2026, Noi soltanto\u2026, Un angolo di stelle<\/em><br \/>\n<strong>ZINGARIELLO DEBORAH<\/strong>, <em>Narcisa \u2013 atto di tossica seduzione, Umido, Gesti febbrili<\/em>[\/vc_column_text][vc_separator][vc_column_text]\n<p style=\"text-align: justify;\">Among the works received for the\u00a0<span style=\"color: #1c4f4b;\"><strong>UNPUBLISHED POETRY IN DIALECT<\/strong><\/span> section, the jury decided to proclaim WINNERS WITH EQUAL MERITS:<\/p>\n<p><strong>FORNAINI LUCIA<\/strong>, <em>Acque del sile, E tose de na volta, A befana del tesoro<\/em><br \/>\n<strong>MORIN STENO<\/strong>,<em> Attese<\/em>[\/vc_column_text][vc_separator][vc_column_text]Among the works received in the <strong><span style=\"color: #1c4f4b;\">PUBLISHED NARRATIVE<\/span><\/strong> section, the jury decided to proclaim OVERALL WINNER:<\/p>\n<p><strong>MONETI ANDREA<\/strong>, <em>La crociata infame<\/em>, Albatros<\/p>\n<p>FINALISTS WITH EQUAL MERITS:<\/p>\n<p><strong>MANDRUZZATO GIOVANNI<\/strong>, <em>Il conquistatore di Hispaniola<\/em><br \/>\n<strong>SANTAGATA ANTONELLO<\/strong>, <em>Il delitto del pozzo dei pazzi<\/em>, Edizioni Arpeggio Libero<br \/>\n<strong>SASSANO FRANCESCA<\/strong>,<em> Il rovescio di una toga<\/em>, Photo Travel<\/p>\n<p>The jury also decided to report the works of the following authors:<\/p>\n<p><strong>AMBROSIO FRANCO<\/strong>, <em>a.C.<\/em>, il faggio editore<br \/>\n<strong>BATTISTELLA SILVIA<\/strong>, <em>La felicit\u00e0 elementare<\/em>, Cleup<br \/>\n<strong>CEREDA LORIS<\/strong>, <em>64<\/em>, EXcogita<br \/>\n<strong>CONFORTI ELENA<\/strong>, <em>Sotto vero nome<\/em>, Scatole Parlanti<br \/>\n<strong>COSSA CARMELO<\/strong>, <em>Amore amaro<\/em>, Parallelo45edizioni<br \/>\n<strong>SCALIA GIANPIETRO<\/strong>, <em>Mizzy, ovvero il vecchio costillo e la miniera<\/em>, Edizioni Montag[\/vc_column_text][vc_separator][vc_column_text]Among the works received in the <span style=\"color: #1c4f4b;\"><strong>UNPUBLISHED NARRATIVE<\/strong><\/span> section, the jury<br \/>\nhe decided to proclaim OVERALL WINNER:<\/p>\n<p><strong>SERRA FRANCO<\/strong>, <em>Il segugio<\/em><\/p>\n<p>FINALISTS WITH EQUAL MERITS:<\/p>\n<p><strong>CALDERINI LAURA<\/strong>, <em>Donne che vestono d\u2019ortica<\/em><br \/>\n<strong>MONGARDI FABIO<\/strong>, <em>Le carezze dei lampi<\/em><\/p>\n<p>The jury decided to award Honorable Mention to:<\/p>\n<p><strong>CECCHINI MICHELE<\/strong>, <em>L\u2019eredit\u00e0<\/em><\/p>\n<p>The jury also decided to report the works of the following authors:<\/p>\n<p><strong>MAURI ANDREA<\/strong>, <em>Lezione del duende<\/em><br \/>\n<strong>NOVARA EUGENIO<\/strong>, <em>Non toccate la Casa Rossa<\/em><br \/>\n<strong>TONIN SABRINA<\/strong>, <em>Hotel Volpich<\/em>[\/vc_column_text][vc_separator][vc_column_text]Among the works received in the <span style=\"color: #1c4f4b;\"><strong>YOUNG NARRATIVE<\/strong><\/span> section, the jury decided to award<\/p>\n<p>Honorable Mention to:<br \/>\n<strong>CALABR\u00d2 IRIS<\/strong>,<em> \u201cAlvia e la vera amicizia\u201d<\/em>[\/vc_column_text][vc_empty_space][vc_row_inner disable_element=\"yes\" el_id=\"motivazioni-giuria-2022\"][vc_column_inner width=\"1\/2\"][vc_custom_heading text=\"LE MOTIVAZIONI DELLA GIURIA\" font_container=\"tag:h1|text_align:left|color:%23c38329\" google_fonts=\"font_family:Oswald%3A300%2Cregular%2C700|font_style:700%20bold%20regular%3A700%3Anormal\"][\/vc_column_inner][vc_column_inner width=\"1\/2\"][\/vc_column_inner][\/vc_row_inner][\/vc_column][\/vc_row]\n<\/div>","protected":false},"excerpt":{"rendered":"<p>[vc_row][vc_column][vc_single_image image=\"7010\" img_size=\"full\"][vc_row_inner][vc_column_inner][vc_custom_heading text=\"SELECTION OF WINNERS AND FINALISTS OF THE INTERNATIONAL POETRY AND NARRATIVE AWARD EUROPA IN VERSI 2022\" font_container=\"tag:h1|text_align:left|color:%231c4f4b\" google_fonts=\"font_family:Oswald%3A300%2Cregular%2C700|font_style:700%20bold%20regular%3A700%3Anormal\"][\/vc_column_inner][\/vc_row_inner][vc_empty_space][vc_separator][vc_column_text] Among the works received for the PUBLISHED POETRY section, the jury decided to proclaim WINNERS WITH EQUAL MERITS: DI PALMO PASQUALE, Breviario delle rovine, Medusa MASSARI STEFANO, Macchine del diluvio, MC Edizioni FINALISTS WITH <a href=\"https:\/\/europainversi.org\/en\/esiti-premio-2022\/\" class=\"more-link\">...continue reading<span class=\"screen-reader-text\"> \"WINNERS AND FINALISTS 2022\"<\/span><\/a><\/p>\n","protected":false},"author":8,"featured_media":0,"parent":0,"menu_order":0,"comment_status":"closed","ping_status":"closed","template":"page-templates\/full-width.php","meta":{"footnotes":""},"class_list":["post-7001","page","type-page","status-publish","h-entry","hentry","h-as-page"],"yoast_head":"<!-- This site is optimized with the Yoast SEO plugin v26.5 - https:\/\/yoast.com\/wordpress\/plugins\/seo\/ -->\n<title>WINNERS AND FINALISTS 2022 - Europa in Versi<\/title>\n<meta name=\"robots\" content=\"index, follow, max-snippet:-1, max-image-preview:large, max-video-preview:-1\" \/>\n<link rel=\"canonical\" href=\"https:\/\/europainversi.org\/en\/esiti-premio-2022\/\" \/>\n<meta property=\"og:locale\" content=\"en_US\" \/>\n<meta property=\"og:type\" content=\"article\" \/>\n<meta property=\"og:title\" content=\"WINNERS AND FINALISTS 2022 - Europa in Versi\" \/>\n<meta property=\"og:description\" content=\"[vc_row][vc_column][vc_single_image image=&quot;7010&quot; img_size=&quot;full&quot;][vc_row_inner][vc_column_inner][vc_custom_heading text=&quot;SELECTION OF WINNERS AND FINALISTS OF THE INTERNATIONAL POETRY AND NARRATIVE AWARD EUROPA IN VERSI 2022&quot; font_container=&quot;tag:h1|text_align:left|color:%231c4f4b&quot; google_fonts=&quot;font_family:Oswald%3A300%2Cregular%2C700|font_style:700%20bold%20regular%3A700%3Anormal&quot;][\/vc_column_inner][\/vc_row_inner][vc_empty_space][vc_separator][vc_column_text] Among the works received for the PUBLISHED POETRY section, the jury decided to proclaim WINNERS WITH EQUAL MERITS: DI PALMO PASQUALE, Breviario delle rovine, Medusa MASSARI STEFANO, Macchine del diluvio, MC Edizioni FINALISTS WITH ...continue reading &quot;WINNERS AND FINALISTS 2022&quot;\" \/>\n<meta property=\"og:url\" content=\"https:\/\/europainversi.org\/en\/esiti-premio-2022\/\" \/>\n<meta property=\"og:site_name\" content=\"Europa in Versi\" \/>\n<meta property=\"article:publisher\" content=\"https:\/\/www.facebook.com\/europainversi\" \/>\n<meta property=\"article:modified_time\" content=\"2022-07-20T08:43:55+00:00\" \/>\n<meta name=\"twitter:card\" content=\"summary_large_image\" \/>\n<meta name=\"twitter:site\" content=\"@EuropainVersi\" \/>\n<meta name=\"twitter:label1\" content=\"Est. reading time\" \/>\n\t<meta name=\"twitter:data1\" content=\"5 minutes\" \/>\n<script type=\"application\/ld+json\" class=\"yoast-schema-graph\">{\"@context\":\"https:\/\/schema.org\",\"@graph\":[{\"@type\":\"WebPage\",\"@id\":\"https:\/\/europainversi.org\/en\/esiti-premio-2022\/\",\"url\":\"https:\/\/europainversi.org\/en\/esiti-premio-2022\/\",\"name\":\"WINNERS AND FINALISTS 2022 - Europa in Versi\",\"isPartOf\":{\"@id\":\"https:\/\/europainversi.org\/en\/#website\"},\"datePublished\":\"2022-05-07T13:06:09+00:00\",\"dateModified\":\"2022-07-20T08:43:55+00:00\",\"breadcrumb\":{\"@id\":\"https:\/\/europainversi.org\/en\/esiti-premio-2022\/#breadcrumb\"},\"inLanguage\":\"en-US\",\"potentialAction\":[{\"@type\":\"ReadAction\",\"target\":[\"https:\/\/europainversi.org\/en\/esiti-premio-2022\/\"]}]},{\"@type\":\"BreadcrumbList\",\"@id\":\"https:\/\/europainversi.org\/en\/esiti-premio-2022\/#breadcrumb\",\"itemListElement\":[{\"@type\":\"ListItem\",\"position\":1,\"name\":\"Home\",\"item\":\"https:\/\/europainversi.org\/en\/\"},{\"@type\":\"ListItem\",\"position\":2,\"name\":\"WINNERS AND FINALISTS 2022\"}]},{\"@type\":\"WebSite\",\"@id\":\"https:\/\/europainversi.org\/en\/#website\",\"url\":\"https:\/\/europainversi.org\/en\/\",\"name\":\"Europa in Versi\",\"description\":\"Festival Internazionale di Poesia de La Casa della Poesia di Como\",\"publisher\":{\"@id\":\"https:\/\/europainversi.org\/en\/#organization\"},\"potentialAction\":[{\"@type\":\"SearchAction\",\"target\":{\"@type\":\"EntryPoint\",\"urlTemplate\":\"https:\/\/europainversi.org\/en\/?s={search_term_string}\"},\"query-input\":{\"@type\":\"PropertyValueSpecification\",\"valueRequired\":true,\"valueName\":\"search_term_string\"}}],\"inLanguage\":\"en-US\"},{\"@type\":\"Organization\",\"@id\":\"https:\/\/europainversi.org\/en\/#organization\",\"name\":\"Europa In Versi\",\"url\":\"https:\/\/europainversi.org\/en\/\",\"logo\":{\"@type\":\"ImageObject\",\"inLanguage\":\"en-US\",\"@id\":\"https:\/\/europainversi.org\/en\/#\/schema\/logo\/image\/\",\"url\":\"https:\/\/europainversi.org\/wp-content\/uploads\/2016\/10\/cropped-EIV_Logo_Elab_Icon.jpg\",\"contentUrl\":\"https:\/\/europainversi.org\/wp-content\/uploads\/2016\/10\/cropped-EIV_Logo_Elab_Icon.jpg\",\"width\":512,\"height\":512,\"caption\":\"Europa In Versi\"},\"image\":{\"@id\":\"https:\/\/europainversi.org\/en\/#\/schema\/logo\/image\/\"},\"sameAs\":[\"https:\/\/www.facebook.com\/europainversi\",\"https:\/\/x.com\/EuropainVersi\"]}]}<\/script>\n<!-- \/ Yoast SEO plugin. -->","yoast_head_json":{"title":"WINNERS AND FINALISTS 2022 - Europa in Versi","robots":{"index":"index","follow":"follow","max-snippet":"max-snippet:-1","max-image-preview":"max-image-preview:large","max-video-preview":"max-video-preview:-1"},"canonical":"https:\/\/europainversi.org\/en\/esiti-premio-2022\/","og_locale":"en_US","og_type":"article","og_title":"WINNERS AND FINALISTS 2022 - Europa in Versi","og_description":"[vc_row][vc_column][vc_single_image image=\"7010\" img_size=\"full\"][vc_row_inner][vc_column_inner][vc_custom_heading text=\"SELECTION OF WINNERS AND FINALISTS OF THE INTERNATIONAL POETRY AND NARRATIVE AWARD EUROPA IN VERSI 2022\" font_container=\"tag:h1|text_align:left|color:%231c4f4b\" google_fonts=\"font_family:Oswald%3A300%2Cregular%2C700|font_style:700%20bold%20regular%3A700%3Anormal\"][\/vc_column_inner][\/vc_row_inner][vc_empty_space][vc_separator][vc_column_text] Among the works received for the PUBLISHED POETRY section, the jury decided to proclaim WINNERS WITH EQUAL MERITS: DI PALMO PASQUALE, Breviario delle rovine, Medusa MASSARI STEFANO, Macchine del diluvio, MC Edizioni FINALISTS WITH ...continue reading \"WINNERS AND FINALISTS 2022\"","og_url":"https:\/\/europainversi.org\/en\/esiti-premio-2022\/","og_site_name":"Europa in Versi","article_publisher":"https:\/\/www.facebook.com\/europainversi","article_modified_time":"2022-07-20T08:43:55+00:00","twitter_card":"summary_large_image","twitter_site":"@EuropainVersi","twitter_misc":{"Est. reading time":"5 minutes"},"schema":{"@context":"https:\/\/schema.org","@graph":[{"@type":"WebPage","@id":"https:\/\/europainversi.org\/en\/esiti-premio-2022\/","url":"https:\/\/europainversi.org\/en\/esiti-premio-2022\/","name":"WINNERS AND FINALISTS 2022 - Europa in Versi","isPartOf":{"@id":"https:\/\/europainversi.org\/en\/#website"},"datePublished":"2022-05-07T13:06:09+00:00","dateModified":"2022-07-20T08:43:55+00:00","breadcrumb":{"@id":"https:\/\/europainversi.org\/en\/esiti-premio-2022\/#breadcrumb"},"inLanguage":"en-US","potentialAction":[{"@type":"ReadAction","target":["https:\/\/europainversi.org\/en\/esiti-premio-2022\/"]}]},{"@type":"BreadcrumbList","@id":"https:\/\/europainversi.org\/en\/esiti-premio-2022\/#breadcrumb","itemListElement":[{"@type":"ListItem","position":1,"name":"Home","item":"https:\/\/europainversi.org\/en\/"},{"@type":"ListItem","position":2,"name":"WINNERS AND FINALISTS 2022"}]},{"@type":"WebSite","@id":"https:\/\/europainversi.org\/en\/#website","url":"https:\/\/europainversi.org\/en\/","name":"Europa in Versi","description":"Festival Internazionale di Poesia de La Casa della Poesia di Como","publisher":{"@id":"https:\/\/europainversi.org\/en\/#organization"},"potentialAction":[{"@type":"SearchAction","target":{"@type":"EntryPoint","urlTemplate":"https:\/\/europainversi.org\/en\/?s={search_term_string}"},"query-input":{"@type":"PropertyValueSpecification","valueRequired":true,"valueName":"search_term_string"}}],"inLanguage":"en-US"},{"@type":"Organization","@id":"https:\/\/europainversi.org\/en\/#organization","name":"Europa In Versi","url":"https:\/\/europainversi.org\/en\/","logo":{"@type":"ImageObject","inLanguage":"en-US","@id":"https:\/\/europainversi.org\/en\/#\/schema\/logo\/image\/","url":"https:\/\/europainversi.org\/wp-content\/uploads\/2016\/10\/cropped-EIV_Logo_Elab_Icon.jpg","contentUrl":"https:\/\/europainversi.org\/wp-content\/uploads\/2016\/10\/cropped-EIV_Logo_Elab_Icon.jpg","width":512,"height":512,"caption":"Europa In Versi"},"image":{"@id":"https:\/\/europainversi.org\/en\/#\/schema\/logo\/image\/"},"sameAs":["https:\/\/www.facebook.com\/europainversi","https:\/\/x.com\/EuropainVersi"]}]}},"_links":{"self":[{"href":"https:\/\/europainversi.org\/en\/wp-json\/wp\/v2\/pages\/7001","targetHints":{"allow":["GET"]}}],"collection":[{"href":"https:\/\/europainversi.org\/en\/wp-json\/wp\/v2\/pages"}],"about":[{"href":"https:\/\/europainversi.org\/en\/wp-json\/wp\/v2\/types\/page"}],"author":[{"embeddable":true,"href":"https:\/\/europainversi.org\/en\/wp-json\/wp\/v2\/users\/8"}],"replies":[{"embeddable":true,"href":"https:\/\/europainversi.org\/en\/wp-json\/wp\/v2\/comments?post=7001"}],"version-history":[{"count":9,"href":"https:\/\/europainversi.org\/en\/wp-json\/wp\/v2\/pages\/7001\/revisions"}],"predecessor-version":[{"id":8290,"href":"https:\/\/europainversi.org\/en\/wp-json\/wp\/v2\/pages\/7001\/revisions\/8290"}],"wp:attachment":[{"href":"https:\/\/europainversi.org\/en\/wp-json\/wp\/v2\/media?parent=7001"}],"curies":[{"name":"wp","href":"https:\/\/api.w.org\/{rel}","templated":true}]}}