{"id":4431,"date":"2020-09-05T10:38:12","date_gmt":"2020-09-05T09:38:12","guid":{"rendered":"https:\/\/europainversi.org\/edizione-2017-2\/"},"modified":"2020-09-05T10:38:12","modified_gmt":"2020-09-05T09:38:12","slug":"edizione-2017-2","status":"publish","type":"page","link":"https:\/\/europainversi.org\/en\/edizione-2017-2\/","title":{"rendered":"EDIZIONE 2017"},"content":{"rendered":"<div class=\"wpb-content-wrapper\">[vc_row][vc_column width=\"1\/2\"][vc_single_image image=\"3002\" img_size=\"full\" alignment=\"center\"][\/vc_column][vc_column width=\"1\/2\"][vc_custom_heading text=\"POESIA, SCIENZA E TECNOLOGIA\" font_container=\"tag:h1|text_align:left|color:%23c71e45\" google_fonts=\"font_family:Oswald%3A300%2Cregular%2C700|font_style:700%20bold%20regular%3A700%3Anormal\"][vc_column_text]<strong>VENERD\u00cc 7 E SABATO 8 APRILE 2017<br \/>\n<\/strong>Universit\u00e0 Dell\u2019insubria<br \/>\nComonext<br \/>\nLiceo \u201cAlessandro Volta\u201d<br \/>\nLiceo \u201cPaolo Giovio\u201d<br \/>\nLiceo \u201cTeresa Ciceri\u201d<br \/>\nVilla Gallia[\/vc_column_text][vc_btn title=\"SCARICA IL PROGRAMMA\" style=\"outline-custom\" outline_custom_color=\"#c71e45\" outline_custom_hover_background=\"#c71e45\" outline_custom_hover_text=\"#ffffff\" shape=\"square\" size=\"sm\" align=\"left\" link=\"url:https%3A%2F%2Feuropainversi.org%2Fwp-content%2Fuploads%2F2020%2F09%2FEIV_2017_programma.pdf||target:%20_blank|\"][vc_btn title=\"RASSEGNA STAMPA\" style=\"outline-custom\" outline_custom_color=\"#c71e45\" outline_custom_hover_background=\"#c71e45\" outline_custom_hover_text=\"#ffffff\" shape=\"square\" size=\"sm\" align=\"left\" link=\"url:https%3A%2F%2Feuropainversi.org%2Fwp-content%2Fuploads%2F2020%2F09%2FEIV_2017_rassegna_stampa.pdf||target:%20_blank|\"][\/vc_column][\/vc_row][vc_row][vc_column][vc_column_text]\n<p style=\"text-align: center;\"><span style=\"font-family: book antiqua, palatino, serif; font-size: 18pt;\"><strong><em><span style=\"color: #00688e;\"><span style=\"color: #018160;\"><span style=\"color: #c71e45;\">Poesia, Scienza e Tecnologia<\/span><br \/>\n<\/span><\/span><\/em><\/strong><\/span><em>\u201cLa creativit\u00e0 della scienza, quantunque abbia a che fare quotidianamente con la durezza e la concretezza della realt\u00e0, se non pu\u00f2 fare perno esclusivamente sulla fantasia, se ne giova tuttavia anch\u2019essa e sovente ha qualcosa di simile alla poesia\u201d<\/em><br \/>\n(Andrea Zanzotto)<\/p>\n[\/vc_column_text][vc_column_text]\n<p style=\"text-align: justify;\">Il tema del Festival Internazionale di Poesia, che si svolger\u00e0 <strong>venerd\u00ec 7 e sabato 8\u00a0 aprile a Como<\/strong>, sar\u00e0 il rapporto tra poesia, scienza e tecnologia.\u00a0 Esso \u00e8 da sempre\u00a0molto stretto, gi\u00e0 dalle epoche pi\u00f9 remote\u00a0(basti pensare al pensiero atomistico democriteo, al poema scientifico di Lucrezio o a quello agronomico di Virgilio e naturalmente alla vaste conoscenze in ambito astronomico e cosmologico di Dante) fino ad arrivare alla\u00a0 nascita stessa della scienza moderna, segnata da un grande scrittore come Galileo. Pi\u00f9 recentemente, anche a voler sorvolare sull\u2019attenzione onnivora di Leopardi, che lo ha portato a scrivere una \u201cStoria della astronomia\u201d, non si pu\u00f2 dimenticare, solo per fare alcuni esempi, \u00a0come Goethe fosse appassionato di botanica, zoologia e varie branche della fisica, Lewis Carroll fosse un matematico, oltre che l\u2019autore di Alice, Robert Musil avesse studiato matematica e fisica\u00a0e, per restare in ambito italiano, Primo Levi fosse un chimico e come Leonardo Sinisgalli fosse soprannominato \u201cil poeta ingegnere\u201d. Ma sono soprattutto le nuove visioni della scienza che, almeno a partire dal Futurismo, hanno offerto anche alle poesia grandi suggestioni per vedere il mondo con occhi diversi.<\/p>\n<p style=\"text-align: justify;\">Il Festival , tra gli altri, ha gi\u00e0 ricevuto <strong>patrocinio dall\u2019Ambasciata del Canada, della Norvegia e dell\u2019Irlanda ed \u00e8 gemellato con altri importanti Festival Internazionali,tra i quali il Festival Miahi Eminescu\u00a0 (Romania) e il Festival Luna de Locos di Pereira (Colombia).<\/strong><\/p>\n<p style=\"text-align: justify;\">Anche quest\u2019anno il Festival prevede, durante la mattina del 7\u00a0 aprile, \u00a0un\u00a0 incontro all\u2019<strong>Universit\u00e0 dell\u2019Insubria<\/strong>, dove i poeti leggeranno le loro poesie alternandosi alle relazioni dei Professori Michela Prest e Stefano Serra Capizzano, rispettivamente Docente di Fisica e Direttore del Dipartimento di Scienza e Alta Tecnologia dell\u2019Universit\u00e0 dell\u2019Insubria. Altri eventi si terranno nella mattina del 7 aprile presso la varie <strong>Scuole Superiori di Como<\/strong>, dove i poeti incontreranno gli studenti.\u00a0 Questi ultimi hanno realizzato musiche, disegni e video ispirati alle poesie dei poeti partecipanti.<\/p>\n<p style=\"text-align: justify;\">Novit\u00e0 di quest\u2019anno \u00e8 l\u2019incontro che si terr\u00e0 nel pomeriggio di venerd\u00ec 7 aprile \u00a0a Lomazzo (Co), presso il <strong>Parco Scientifico Tecnologico ComoNext,\u00a0<\/strong>sorto per valorizzare e promuovere\u00a0 start up ed imprese con un elevato potenziale di innovazione\u00a0 tecnologica, idee e progetti centrati sullo sviluppo scientifico. I poeti internazionali porteranno fino a ComoNext i versi pi\u00f9 importanti del loro Paese.<\/p>\n<p style=\"text-align: justify;\">Al reading di sabato 8 aprile, che si terr\u00e0 durante il pomeriggio e la sera nella prestigiosa e ampia sede di <strong>Villa Gallia<\/strong>, oltre ai poeti italiani <strong>Bruno Galluccio<\/strong> (che \u00e8 anche fisico), <strong>Cinzia Demi<\/strong> e <strong>Giovanni Darconza<\/strong>, parteciperanno voci significative della poesia internazionale: <strong>Haydar Erg\u00fclen (Turchia), Victor Rodriguez Nunez (Cuba), Ruben Dario Lotero, Giovanny Gomez (Colombia), Francoise Roy (Canada), Helen Dwyer (Irlanda), Marta Markoska (Macedonia), Monica Aasprong (Norvegia), Ion Deaconescu (Romania).\u00a0<\/strong><\/p>\n<p style=\"text-align: justify;\">Durante il Festival sar\u00e0 attiva la <strong>Bottega di poesia<\/strong>: gli aspiranti poeti potranno chiedere gratuitamente un parere sui propri versi a <strong>Mario Santagostini<\/strong>, noto scrittore e poeta di nazionale. Chiuder\u00e0 l\u2019evento la cerimonia di <strong>premiazione dei vincitori e finalisti del Premio Internazionale di Poesia e Narrativa Europa in Versi.<\/strong><\/p>\n<p class=\"font8\" style=\"line-height: 18pt; text-align: justify;\">Anche quest\u2019anno, dalla casa editrice nazionale <strong>I Quaderni del Bardo Edizioni di Stefano Donno<\/strong>, verr\u00e0 pubblicata l\u2019antologia delle\u00a0poesie presentate a Europa in Versi. Ad arricchire l\u2019evento saranno le opere realizzate dagli allievi dell\u2019<strong>Accademia Aldo Galli,<\/strong> ispirate alle poesie dei poeti partecipanti, e le musiche eseguite dagli allievi del <strong>Conservatorio di Como<\/strong>. Gli studenti dell\u2019<strong>Istituto Enaip<\/strong> di Como avranno invece il compito di accogliere i poeti e il pubblico durante le giornate del Festival.<\/p>\n[\/vc_column_text][\/vc_column][\/vc_row][vc_row][vc_column][vc_custom_heading text=\"I VIDEO E LA GALLERIA FOTOGRAFICA DELL'EDIZIONE 2017\" font_container=\"tag:h1|text_align:left|color:%23c71e45\" google_fonts=\"font_family:Oswald%3A300%2Cregular%2C700|font_style:700%20bold%20regular%3A700%3Anormal\"][vc_empty_space][vc_column_text]<iframe loading=\"lazy\" src=\"https:\/\/www.youtube.com\/embed\/videoseries?list=PLl9Wy5yS_H7fyTxfZ0GLlXPI4fT8hYUua\" width=\"560\" height=\"315\" frameborder=\"0\" allowfullscreen=\"allowfullscreen\"><\/iframe>[\/vc_column_text][vc_empty_space][vc_masonry_media_grid element_width=\"2\" gap=\"2\" grid_id=\"vc_gid:1599299680830-db917527-dc1b-0\" include=\"3009,3039,3038,3036,3037,3035,3034,3033,3031,3032,3030,3029,3028,3027,3026,3024,3025,3023,3021,3022,3020,3019,3017,3018,3016,3015,3014,3013,3012,3010,3011\"][vc_custom_heading text=\"LA GIORNATA A COMONEXT - LOMAZZO, COMO\" font_container=\"tag:h1|text_align:left|color:%23c71e45\" google_fonts=\"font_family:Oswald%3A300%2Cregular%2C700|font_style:700%20bold%20regular%3A700%3Anormal\"][vc_masonry_media_grid element_width=\"2\" gap=\"2\" grid_id=\"vc_gid:1599299680831-3134ccbd-09ae-2\" include=\"3040,3048,3047,3045,3046,3044,3043,3042,3041\"][\/vc_column][\/vc_row]\n<\/div>","protected":false},"excerpt":{"rendered":"<p>[vc_row][vc_column width=\"1\/2\"][vc_single_image image=\"3002\" img_size=\"full\" alignment=\"center\"][\/vc_column][vc_column width=\"1\/2\"][vc_custom_heading text=\"POESIA, SCIENZA E TECNOLOGIA\" font_container=\"tag:h1|text_align:left|color:%23c71e45\" google_fonts=\"font_family:Oswald%3A300%2Cregular%2C700|font_style:700%20bold%20regular%3A700%3Anormal\"][vc_column_text]VENERD\u00cc 7 E SABATO 8 APRILE 2017 Universit\u00e0 Dell\u2019insubria Comonext Liceo \u201cAlessandro Volta\u201d Liceo \u201cPaolo Giovio\u201d Liceo \u201cTeresa Ciceri\u201d Villa Gallia[\/vc_column_text][vc_btn title=\"SCARICA IL PROGRAMMA\" style=\"outline-custom\" outline_custom_color=\"#c71e45\" outline_custom_hover_background=\"#c71e45\" outline_custom_hover_text=\"#ffffff\" shape=\"square\" size=\"sm\" align=\"left\" link=\"url:https%3A%2F%2Feuropainversi.org%2Fwp-content%2Fuploads%2F2020%2F09%2FEIV_2017_programma.pdf||target:%20_blank|\"][vc_btn title=\"RASSEGNA STAMPA\" style=\"outline-custom\" outline_custom_color=\"#c71e45\" outline_custom_hover_background=\"#c71e45\" outline_custom_hover_text=\"#ffffff\" shape=\"square\" size=\"sm\" align=\"left\" link=\"url:https%3A%2F%2Feuropainversi.org%2Fwp-content%2Fuploads%2F2020%2F09%2FEIV_2017_rassegna_stampa.pdf||target:%20_blank|\"][\/vc_column][\/vc_row][vc_row][vc_column][vc_column_text] Poesia, Scienza <a href=\"https:\/\/europainversi.org\/en\/edizione-2017-2\/\" class=\"more-link\">...continue reading<span class=\"screen-reader-text\"> \"EDIZIONE 2017\"<\/span><\/a><\/p>\n","protected":false},"author":8,"featured_media":0,"parent":0,"menu_order":0,"comment_status":"closed","ping_status":"closed","template":"page-templates\/full-width.php","meta":{"footnotes":""},"class_list":["post-4431","page","type-page","status-publish","h-entry","hentry","h-as-page"],"yoast_head":"<!-- This site is optimized with the Yoast SEO plugin v26.5 - https:\/\/yoast.com\/wordpress\/plugins\/seo\/ -->\n<title>EDIZIONE 2017 - Europa in Versi<\/title>\n<meta name=\"robots\" content=\"index, follow, max-snippet:-1, max-image-preview:large, max-video-preview:-1\" \/>\n<link rel=\"canonical\" href=\"https:\/\/europainversi.org\/en\/edizione-2017-2\/\" \/>\n<meta property=\"og:locale\" content=\"en_US\" \/>\n<meta property=\"og:type\" content=\"article\" \/>\n<meta property=\"og:title\" content=\"EDIZIONE 2017 - Europa in Versi\" \/>\n<meta property=\"og:description\" content=\"[vc_row][vc_column width=&quot;1\/2&quot;][vc_single_image image=&quot;3002&quot; img_size=&quot;full&quot; alignment=&quot;center&quot;][\/vc_column][vc_column width=&quot;1\/2&quot;][vc_custom_heading text=&quot;POESIA, SCIENZA E TECNOLOGIA&quot; font_container=&quot;tag:h1|text_align:left|color:%23c71e45&quot; google_fonts=&quot;font_family:Oswald%3A300%2Cregular%2C700|font_style:700%20bold%20regular%3A700%3Anormal&quot;][vc_column_text]VENERD\u00cc 7 E SABATO 8 APRILE 2017 Universit\u00e0 Dell\u2019insubria Comonext Liceo \u201cAlessandro Volta\u201d Liceo \u201cPaolo Giovio\u201d Liceo \u201cTeresa Ciceri\u201d Villa Gallia[\/vc_column_text][vc_btn title=&quot;SCARICA IL PROGRAMMA&quot; style=&quot;outline-custom&quot; outline_custom_color=&quot;#c71e45&quot; outline_custom_hover_background=&quot;#c71e45&quot; outline_custom_hover_text=&quot;#ffffff&quot; shape=&quot;square&quot; size=&quot;sm&quot; align=&quot;left&quot; link=&quot;url:https%3A%2F%2Feuropainversi.org%2Fwp-content%2Fuploads%2F2020%2F09%2FEIV_2017_programma.pdf||target:%20_blank|&quot;][vc_btn title=&quot;RASSEGNA STAMPA&quot; style=&quot;outline-custom&quot; outline_custom_color=&quot;#c71e45&quot; outline_custom_hover_background=&quot;#c71e45&quot; outline_custom_hover_text=&quot;#ffffff&quot; shape=&quot;square&quot; size=&quot;sm&quot; align=&quot;left&quot; link=&quot;url:https%3A%2F%2Feuropainversi.org%2Fwp-content%2Fuploads%2F2020%2F09%2FEIV_2017_rassegna_stampa.pdf||target:%20_blank|&quot;][\/vc_column][\/vc_row][vc_row][vc_column][vc_column_text] Poesia, Scienza ...continue reading &quot;EDIZIONE 2017&quot;\" \/>\n<meta property=\"og:url\" content=\"https:\/\/europainversi.org\/en\/edizione-2017-2\/\" \/>\n<meta property=\"og:site_name\" content=\"Europa in Versi\" \/>\n<meta property=\"article:publisher\" content=\"https:\/\/www.facebook.com\/europainversi\" \/>\n<meta name=\"twitter:card\" content=\"summary_large_image\" \/>\n<meta name=\"twitter:site\" content=\"@EuropainVersi\" \/>\n<meta name=\"twitter:label1\" content=\"Est. reading time\" \/>\n\t<meta name=\"twitter:data1\" content=\"5 minutes\" \/>\n<script type=\"application\/ld+json\" class=\"yoast-schema-graph\">{\"@context\":\"https:\/\/schema.org\",\"@graph\":[{\"@type\":\"WebPage\",\"@id\":\"https:\/\/europainversi.org\/en\/edizione-2017-2\/\",\"url\":\"https:\/\/europainversi.org\/en\/edizione-2017-2\/\",\"name\":\"EDIZIONE 2017 - Europa in Versi\",\"isPartOf\":{\"@id\":\"https:\/\/europainversi.org\/en\/#website\"},\"datePublished\":\"2020-09-05T09:38:12+00:00\",\"breadcrumb\":{\"@id\":\"https:\/\/europainversi.org\/en\/edizione-2017-2\/#breadcrumb\"},\"inLanguage\":\"en-US\",\"potentialAction\":[{\"@type\":\"ReadAction\",\"target\":[\"https:\/\/europainversi.org\/en\/edizione-2017-2\/\"]}]},{\"@type\":\"BreadcrumbList\",\"@id\":\"https:\/\/europainversi.org\/en\/edizione-2017-2\/#breadcrumb\",\"itemListElement\":[{\"@type\":\"ListItem\",\"position\":1,\"name\":\"Home\",\"item\":\"https:\/\/europainversi.org\/en\/\"},{\"@type\":\"ListItem\",\"position\":2,\"name\":\"EDIZIONE 2017\"}]},{\"@type\":\"WebSite\",\"@id\":\"https:\/\/europainversi.org\/en\/#website\",\"url\":\"https:\/\/europainversi.org\/en\/\",\"name\":\"Europa in Versi\",\"description\":\"Festival Internazionale di Poesia de La Casa della Poesia di Como\",\"publisher\":{\"@id\":\"https:\/\/europainversi.org\/en\/#organization\"},\"potentialAction\":[{\"@type\":\"SearchAction\",\"target\":{\"@type\":\"EntryPoint\",\"urlTemplate\":\"https:\/\/europainversi.org\/en\/?s={search_term_string}\"},\"query-input\":{\"@type\":\"PropertyValueSpecification\",\"valueRequired\":true,\"valueName\":\"search_term_string\"}}],\"inLanguage\":\"en-US\"},{\"@type\":\"Organization\",\"@id\":\"https:\/\/europainversi.org\/en\/#organization\",\"name\":\"Europa In Versi\",\"url\":\"https:\/\/europainversi.org\/en\/\",\"logo\":{\"@type\":\"ImageObject\",\"inLanguage\":\"en-US\",\"@id\":\"https:\/\/europainversi.org\/en\/#\/schema\/logo\/image\/\",\"url\":\"https:\/\/europainversi.org\/wp-content\/uploads\/2016\/10\/cropped-EIV_Logo_Elab_Icon.jpg\",\"contentUrl\":\"https:\/\/europainversi.org\/wp-content\/uploads\/2016\/10\/cropped-EIV_Logo_Elab_Icon.jpg\",\"width\":512,\"height\":512,\"caption\":\"Europa In Versi\"},\"image\":{\"@id\":\"https:\/\/europainversi.org\/en\/#\/schema\/logo\/image\/\"},\"sameAs\":[\"https:\/\/www.facebook.com\/europainversi\",\"https:\/\/x.com\/EuropainVersi\"]}]}<\/script>\n<!-- \/ Yoast SEO plugin. -->","yoast_head_json":{"title":"EDIZIONE 2017 - Europa in Versi","robots":{"index":"index","follow":"follow","max-snippet":"max-snippet:-1","max-image-preview":"max-image-preview:large","max-video-preview":"max-video-preview:-1"},"canonical":"https:\/\/europainversi.org\/en\/edizione-2017-2\/","og_locale":"en_US","og_type":"article","og_title":"EDIZIONE 2017 - Europa in Versi","og_description":"[vc_row][vc_column width=\"1\/2\"][vc_single_image image=\"3002\" img_size=\"full\" alignment=\"center\"][\/vc_column][vc_column width=\"1\/2\"][vc_custom_heading text=\"POESIA, SCIENZA E TECNOLOGIA\" font_container=\"tag:h1|text_align:left|color:%23c71e45\" google_fonts=\"font_family:Oswald%3A300%2Cregular%2C700|font_style:700%20bold%20regular%3A700%3Anormal\"][vc_column_text]VENERD\u00cc 7 E SABATO 8 APRILE 2017 Universit\u00e0 Dell\u2019insubria Comonext Liceo \u201cAlessandro Volta\u201d Liceo \u201cPaolo Giovio\u201d Liceo \u201cTeresa Ciceri\u201d Villa Gallia[\/vc_column_text][vc_btn title=\"SCARICA IL PROGRAMMA\" style=\"outline-custom\" outline_custom_color=\"#c71e45\" outline_custom_hover_background=\"#c71e45\" outline_custom_hover_text=\"#ffffff\" shape=\"square\" size=\"sm\" align=\"left\" link=\"url:https%3A%2F%2Feuropainversi.org%2Fwp-content%2Fuploads%2F2020%2F09%2FEIV_2017_programma.pdf||target:%20_blank|\"][vc_btn title=\"RASSEGNA STAMPA\" style=\"outline-custom\" outline_custom_color=\"#c71e45\" outline_custom_hover_background=\"#c71e45\" outline_custom_hover_text=\"#ffffff\" shape=\"square\" size=\"sm\" align=\"left\" link=\"url:https%3A%2F%2Feuropainversi.org%2Fwp-content%2Fuploads%2F2020%2F09%2FEIV_2017_rassegna_stampa.pdf||target:%20_blank|\"][\/vc_column][\/vc_row][vc_row][vc_column][vc_column_text] Poesia, Scienza ...continue reading \"EDIZIONE 2017\"","og_url":"https:\/\/europainversi.org\/en\/edizione-2017-2\/","og_site_name":"Europa in Versi","article_publisher":"https:\/\/www.facebook.com\/europainversi","twitter_card":"summary_large_image","twitter_site":"@EuropainVersi","twitter_misc":{"Est. reading time":"5 minutes"},"schema":{"@context":"https:\/\/schema.org","@graph":[{"@type":"WebPage","@id":"https:\/\/europainversi.org\/en\/edizione-2017-2\/","url":"https:\/\/europainversi.org\/en\/edizione-2017-2\/","name":"EDIZIONE 2017 - Europa in Versi","isPartOf":{"@id":"https:\/\/europainversi.org\/en\/#website"},"datePublished":"2020-09-05T09:38:12+00:00","breadcrumb":{"@id":"https:\/\/europainversi.org\/en\/edizione-2017-2\/#breadcrumb"},"inLanguage":"en-US","potentialAction":[{"@type":"ReadAction","target":["https:\/\/europainversi.org\/en\/edizione-2017-2\/"]}]},{"@type":"BreadcrumbList","@id":"https:\/\/europainversi.org\/en\/edizione-2017-2\/#breadcrumb","itemListElement":[{"@type":"ListItem","position":1,"name":"Home","item":"https:\/\/europainversi.org\/en\/"},{"@type":"ListItem","position":2,"name":"EDIZIONE 2017"}]},{"@type":"WebSite","@id":"https:\/\/europainversi.org\/en\/#website","url":"https:\/\/europainversi.org\/en\/","name":"Europa in Versi","description":"Festival Internazionale di Poesia de La Casa della Poesia di Como","publisher":{"@id":"https:\/\/europainversi.org\/en\/#organization"},"potentialAction":[{"@type":"SearchAction","target":{"@type":"EntryPoint","urlTemplate":"https:\/\/europainversi.org\/en\/?s={search_term_string}"},"query-input":{"@type":"PropertyValueSpecification","valueRequired":true,"valueName":"search_term_string"}}],"inLanguage":"en-US"},{"@type":"Organization","@id":"https:\/\/europainversi.org\/en\/#organization","name":"Europa In Versi","url":"https:\/\/europainversi.org\/en\/","logo":{"@type":"ImageObject","inLanguage":"en-US","@id":"https:\/\/europainversi.org\/en\/#\/schema\/logo\/image\/","url":"https:\/\/europainversi.org\/wp-content\/uploads\/2016\/10\/cropped-EIV_Logo_Elab_Icon.jpg","contentUrl":"https:\/\/europainversi.org\/wp-content\/uploads\/2016\/10\/cropped-EIV_Logo_Elab_Icon.jpg","width":512,"height":512,"caption":"Europa In Versi"},"image":{"@id":"https:\/\/europainversi.org\/en\/#\/schema\/logo\/image\/"},"sameAs":["https:\/\/www.facebook.com\/europainversi","https:\/\/x.com\/EuropainVersi"]}]}},"_links":{"self":[{"href":"https:\/\/europainversi.org\/en\/wp-json\/wp\/v2\/pages\/4431","targetHints":{"allow":["GET"]}}],"collection":[{"href":"https:\/\/europainversi.org\/en\/wp-json\/wp\/v2\/pages"}],"about":[{"href":"https:\/\/europainversi.org\/en\/wp-json\/wp\/v2\/types\/page"}],"author":[{"embeddable":true,"href":"https:\/\/europainversi.org\/en\/wp-json\/wp\/v2\/users\/8"}],"replies":[{"embeddable":true,"href":"https:\/\/europainversi.org\/en\/wp-json\/wp\/v2\/comments?post=4431"}],"version-history":[{"count":0,"href":"https:\/\/europainversi.org\/en\/wp-json\/wp\/v2\/pages\/4431\/revisions"}],"wp:attachment":[{"href":"https:\/\/europainversi.org\/en\/wp-json\/wp\/v2\/media?parent=4431"}],"curies":[{"name":"wp","href":"https:\/\/api.w.org\/{rel}","templated":true}]}}