{"id":4428,"date":"2020-09-05T10:09:09","date_gmt":"2020-09-05T09:09:09","guid":{"rendered":"https:\/\/europainversi.org\/edizione-2015\/"},"modified":"2021-05-03T13:26:40","modified_gmt":"2021-05-03T12:26:40","slug":"edizione-2015","status":"publish","type":"page","link":"https:\/\/europainversi.org\/en\/edizione-2015\/","title":{"rendered":"EDIZIONE 2015"},"content":{"rendered":"<div class=\"wpb-content-wrapper\">[vc_row][vc_column width=\"1\/2\"][vc_single_image image=\"2934\" img_size=\"full\" alignment=\"center\"][\/vc_column][vc_column width=\"1\/2\"][vc_custom_heading text=\"ECOPOETRY: DALL\u2019EMOZIONE ALLA RAGIONE\" font_container=\"tag:h1|text_align:left|color:%23e07527\" google_fonts=\"font_family:Oswald%3A300%2Cregular%2C700|font_style:700%20bold%20regular%3A700%3Anormal\"][vc_column_text]<strong>VENERD\u00ec 8, SABATO 9, MARTED\u00ec 12 MAGGIO 2015<\/strong><br \/>\nAssociazione G. Carducci, Como<br \/>\nVilla del Grumello<br \/>\nUniversit\u00e0 dell'Insubria[\/vc_column_text][vc_btn title=\"SCARICA IL PROGRAMMA\" style=\"outline-custom\" outline_custom_color=\"#e07527\" outline_custom_hover_background=\"#e07527\" outline_custom_hover_text=\"#ffffff\" shape=\"square\" size=\"sm\" align=\"left\" link=\"url:https%3A%2F%2Feuropainversi.org%2Fwp-content%2Fuploads%2F2020%2F09%2FEIV_2015_programma.pdf||target:%20_blank|\"][vc_btn title=\"RASSEGNA STAMPA\" style=\"outline-custom\" outline_custom_color=\"#e07527\" outline_custom_hover_background=\"#e07527\" outline_custom_hover_text=\"#ffffff\" shape=\"square\" size=\"sm\" align=\"left\" link=\"url:https%3A%2F%2Feuropainversi.org%2Fwp-content%2Fuploads%2F2021%2F05%2FEIV_2015_rassegna_stampa.pdf|target:_blank\"][\/vc_column][\/vc_row][vc_row][vc_column][vc_column_text]\n<p style=\"text-align: center;\"><span style=\"font-family: book antiqua, palatino, serif; font-size: 18pt;\"><strong><em><span style=\"color: #00688e;\"><span style=\"color: #018160;\"><span style=\"color: #e07527;\">\u201cSe la poesia non nasce con la stessa naturalezza delle foglie sugli alberi, \u00e8 meglio che non nasca neppure.\u201d<\/span><br \/>\n<\/span><\/span><\/em><\/strong><\/span>(John Keats)<\/p>\n[\/vc_column_text][vc_column_text]\n<p style=\"text-align: justify;\">La quinta edizione del Festival Internazionale di Poesia Europa in Versi si \u00e8 svolta, come ogni anno, nello splendido contesto di Villa del Grumello, a Como, l\u20198 e 9 maggio 2015. Il tema \u201cEcopoetry: dall'emozione alla ragione\u201d\u00a0 \u00e8 stato in linea con le tematiche\u00a0 trattate nell\u2019ambito di EXPO 2015. Un tema, quello della sostenibilit\u00e0, di interesse mondiale, che coinvolge l\u2019intero pianeta.<\/p>\n<p style=\"text-align: justify;\">L\u2019evento ha fatto parte delle\u00a0 manifestazioni organizzate da SISTEMA COMO per il 2015, in relazione ad EXPO.<\/p>\n<p style=\"text-align: justify;\">Circa 400 le persone passate quest'anno a Villa del Grumello, pi\u00f9 di cento articoli pubblicati su quotidiani, riviste e siti regionali, nazionali e internazionali .<\/p>\n<p style=\"text-align: justify;\">L\u2019edizione 2015 \u00e8 stata organizzata su due giorni: per dare spazio a nuove forme di poesia, come il Poetry Slam che \u00e8 stato organizzato nell\u2019ambito del Festival dalla Lega Italiana Poetry Slam con successo. Anche l\u2019edizione del 2015, come del resto avviene ormai da quattro anni, ha avuto risonanza oltre i confini nazionali\u00a0 e ha coinvolto poeti di fama internazionale, provenienti da \u00a0tutto il mondo, tra cui Julio Pavanetti e Annabel Villar (Uruguay), Mario Castro Navarrete (Cile); Hanane Aad (Libano);Taeko Uemura e Mariko Sumikura (Giappone); Metin Cengiz (Turchia) e tra gli italiani Tomaso Kemeny, Maurizio Cucchi.<\/p>\n[\/vc_column_text][\/vc_column][\/vc_row][vc_row][vc_column][vc_custom_heading text=\"I VIDEO E LA GALLERIA FOTOGRAFICA DELL'EDIZIONE 2015\" font_container=\"tag:h1|text_align:left\" google_fonts=\"font_family:Oswald%3A300%2Cregular%2C700|font_style:700%20bold%20regular%3A700%3Anormal\"][vc_empty_space][vc_column_text]<iframe loading=\"lazy\" src=\"https:\/\/www.youtube.com\/embed\/videoseries?list=PLl9Wy5yS_H7fWBKzBKlR8ZRDYBzac0CZT\" width=\"560\" height=\"315\" frameborder=\"0\" allowfullscreen=\"allowfullscreen\"><\/iframe>[\/vc_column_text][vc_empty_space][vc_masonry_media_grid element_width=\"2\" gap=\"2\" grid_id=\"vc_gid:1620041121165-73c1c05d-9758-3\" include=\"2939,2962,2961,2960,2959,2958,2957,2956,2955,2954,2953,2952,2951,2950,2949,2948,2947,2946,2945,2944,2942,2943,2941,2940\"][\/vc_column][\/vc_row]\n<\/div>","protected":false},"excerpt":{"rendered":"<p>[vc_row][vc_column width=\"1\/2\"][vc_single_image image=\"2934\" img_size=\"full\" alignment=\"center\"][\/vc_column][vc_column width=\"1\/2\"][vc_custom_heading text=\"ECOPOETRY: DALL\u2019EMOZIONE ALLA RAGIONE\" font_container=\"tag:h1|text_align:left|color:%23e07527\" google_fonts=\"font_family:Oswald%3A300%2Cregular%2C700|font_style:700%20bold%20regular%3A700%3Anormal\"][vc_column_text]VENERD\u00ec 8, SABATO 9, MARTED\u00ec 12 MAGGIO 2015 Associazione G. Carducci, Como Villa del Grumello Universit\u00e0 dell'Insubria[\/vc_column_text][vc_btn title=\"SCARICA IL PROGRAMMA\" style=\"outline-custom\" outline_custom_color=\"#e07527\" outline_custom_hover_background=\"#e07527\" outline_custom_hover_text=\"#ffffff\" shape=\"square\" size=\"sm\" align=\"left\" link=\"url:https%3A%2F%2Feuropainversi.org%2Fwp-content%2Fuploads%2F2020%2F09%2FEIV_2015_programma.pdf||target:%20_blank|\"][vc_btn title=\"RASSEGNA STAMPA\" style=\"outline-custom\" outline_custom_color=\"#e07527\" outline_custom_hover_background=\"#e07527\" outline_custom_hover_text=\"#ffffff\" shape=\"square\" size=\"sm\" align=\"left\" link=\"url:https%3A%2F%2Feuropainversi.org%2Fwp-content%2Fuploads%2F2021%2F05%2FEIV_2015_rassegna_stampa.pdf|target:_blank\"][\/vc_column][\/vc_row][vc_row][vc_column][vc_column_text] \u201cSe la poesia non nasce con <a href=\"https:\/\/europainversi.org\/en\/edizione-2015\/\" class=\"more-link\">...continue reading<span class=\"screen-reader-text\"> \"EDIZIONE 2015\"<\/span><\/a><\/p>\n","protected":false},"author":8,"featured_media":0,"parent":0,"menu_order":0,"comment_status":"closed","ping_status":"closed","template":"page-templates\/full-width.php","meta":{"footnotes":""},"class_list":["post-4428","page","type-page","status-publish","h-entry","hentry","h-as-page"],"yoast_head":"<!-- This site is optimized with the Yoast SEO plugin v26.5 - https:\/\/yoast.com\/wordpress\/plugins\/seo\/ -->\n<title>EDIZIONE 2015 - Europa in Versi<\/title>\n<meta name=\"robots\" content=\"index, follow, max-snippet:-1, max-image-preview:large, max-video-preview:-1\" \/>\n<link rel=\"canonical\" href=\"https:\/\/europainversi.org\/en\/edizione-2015\/\" \/>\n<meta property=\"og:locale\" content=\"en_US\" \/>\n<meta property=\"og:type\" content=\"article\" \/>\n<meta property=\"og:title\" content=\"EDIZIONE 2015 - Europa in Versi\" \/>\n<meta property=\"og:description\" content=\"[vc_row][vc_column width=&quot;1\/2&quot;][vc_single_image image=&quot;2934&quot; img_size=&quot;full&quot; alignment=&quot;center&quot;][\/vc_column][vc_column width=&quot;1\/2&quot;][vc_custom_heading text=&quot;ECOPOETRY: DALL\u2019EMOZIONE ALLA RAGIONE&quot; font_container=&quot;tag:h1|text_align:left|color:%23e07527&quot; google_fonts=&quot;font_family:Oswald%3A300%2Cregular%2C700|font_style:700%20bold%20regular%3A700%3Anormal&quot;][vc_column_text]VENERD\u00ec 8, SABATO 9, MARTED\u00ec 12 MAGGIO 2015 Associazione G. Carducci, Como Villa del Grumello Universit\u00e0 dell&#039;Insubria[\/vc_column_text][vc_btn title=&quot;SCARICA IL PROGRAMMA&quot; style=&quot;outline-custom&quot; outline_custom_color=&quot;#e07527&quot; outline_custom_hover_background=&quot;#e07527&quot; outline_custom_hover_text=&quot;#ffffff&quot; shape=&quot;square&quot; size=&quot;sm&quot; align=&quot;left&quot; link=&quot;url:https%3A%2F%2Feuropainversi.org%2Fwp-content%2Fuploads%2F2020%2F09%2FEIV_2015_programma.pdf||target:%20_blank|&quot;][vc_btn title=&quot;RASSEGNA STAMPA&quot; style=&quot;outline-custom&quot; outline_custom_color=&quot;#e07527&quot; outline_custom_hover_background=&quot;#e07527&quot; outline_custom_hover_text=&quot;#ffffff&quot; shape=&quot;square&quot; size=&quot;sm&quot; align=&quot;left&quot; link=&quot;url:https%3A%2F%2Feuropainversi.org%2Fwp-content%2Fuploads%2F2021%2F05%2FEIV_2015_rassegna_stampa.pdf|target:_blank&quot;][\/vc_column][\/vc_row][vc_row][vc_column][vc_column_text] \u201cSe la poesia non nasce con ...continue reading &quot;EDIZIONE 2015&quot;\" \/>\n<meta property=\"og:url\" content=\"https:\/\/europainversi.org\/en\/edizione-2015\/\" \/>\n<meta property=\"og:site_name\" content=\"Europa in Versi\" \/>\n<meta property=\"article:publisher\" content=\"https:\/\/www.facebook.com\/europainversi\" \/>\n<meta property=\"article:modified_time\" content=\"2021-05-03T12:26:40+00:00\" \/>\n<meta name=\"twitter:card\" content=\"summary_large_image\" \/>\n<meta name=\"twitter:site\" content=\"@EuropainVersi\" \/>\n<meta name=\"twitter:label1\" content=\"Est. reading time\" \/>\n\t<meta name=\"twitter:data1\" content=\"2 minutes\" \/>\n<script type=\"application\/ld+json\" class=\"yoast-schema-graph\">{\"@context\":\"https:\/\/schema.org\",\"@graph\":[{\"@type\":\"WebPage\",\"@id\":\"https:\/\/europainversi.org\/en\/edizione-2015\/\",\"url\":\"https:\/\/europainversi.org\/en\/edizione-2015\/\",\"name\":\"EDIZIONE 2015 - Europa in Versi\",\"isPartOf\":{\"@id\":\"https:\/\/europainversi.org\/en\/#website\"},\"datePublished\":\"2020-09-05T09:09:09+00:00\",\"dateModified\":\"2021-05-03T12:26:40+00:00\",\"breadcrumb\":{\"@id\":\"https:\/\/europainversi.org\/en\/edizione-2015\/#breadcrumb\"},\"inLanguage\":\"en-US\",\"potentialAction\":[{\"@type\":\"ReadAction\",\"target\":[\"https:\/\/europainversi.org\/en\/edizione-2015\/\"]}]},{\"@type\":\"BreadcrumbList\",\"@id\":\"https:\/\/europainversi.org\/en\/edizione-2015\/#breadcrumb\",\"itemListElement\":[{\"@type\":\"ListItem\",\"position\":1,\"name\":\"Home\",\"item\":\"https:\/\/europainversi.org\/en\/\"},{\"@type\":\"ListItem\",\"position\":2,\"name\":\"EDIZIONE 2015\"}]},{\"@type\":\"WebSite\",\"@id\":\"https:\/\/europainversi.org\/en\/#website\",\"url\":\"https:\/\/europainversi.org\/en\/\",\"name\":\"Europa in Versi\",\"description\":\"Festival Internazionale di Poesia de La Casa della Poesia di Como\",\"publisher\":{\"@id\":\"https:\/\/europainversi.org\/en\/#organization\"},\"potentialAction\":[{\"@type\":\"SearchAction\",\"target\":{\"@type\":\"EntryPoint\",\"urlTemplate\":\"https:\/\/europainversi.org\/en\/?s={search_term_string}\"},\"query-input\":{\"@type\":\"PropertyValueSpecification\",\"valueRequired\":true,\"valueName\":\"search_term_string\"}}],\"inLanguage\":\"en-US\"},{\"@type\":\"Organization\",\"@id\":\"https:\/\/europainversi.org\/en\/#organization\",\"name\":\"Europa In Versi\",\"url\":\"https:\/\/europainversi.org\/en\/\",\"logo\":{\"@type\":\"ImageObject\",\"inLanguage\":\"en-US\",\"@id\":\"https:\/\/europainversi.org\/en\/#\/schema\/logo\/image\/\",\"url\":\"https:\/\/europainversi.org\/wp-content\/uploads\/2016\/10\/cropped-EIV_Logo_Elab_Icon.jpg\",\"contentUrl\":\"https:\/\/europainversi.org\/wp-content\/uploads\/2016\/10\/cropped-EIV_Logo_Elab_Icon.jpg\",\"width\":512,\"height\":512,\"caption\":\"Europa In Versi\"},\"image\":{\"@id\":\"https:\/\/europainversi.org\/en\/#\/schema\/logo\/image\/\"},\"sameAs\":[\"https:\/\/www.facebook.com\/europainversi\",\"https:\/\/x.com\/EuropainVersi\"]}]}<\/script>\n<!-- \/ Yoast SEO plugin. -->","yoast_head_json":{"title":"EDIZIONE 2015 - Europa in Versi","robots":{"index":"index","follow":"follow","max-snippet":"max-snippet:-1","max-image-preview":"max-image-preview:large","max-video-preview":"max-video-preview:-1"},"canonical":"https:\/\/europainversi.org\/en\/edizione-2015\/","og_locale":"en_US","og_type":"article","og_title":"EDIZIONE 2015 - Europa in Versi","og_description":"[vc_row][vc_column width=\"1\/2\"][vc_single_image image=\"2934\" img_size=\"full\" alignment=\"center\"][\/vc_column][vc_column width=\"1\/2\"][vc_custom_heading text=\"ECOPOETRY: DALL\u2019EMOZIONE ALLA RAGIONE\" font_container=\"tag:h1|text_align:left|color:%23e07527\" google_fonts=\"font_family:Oswald%3A300%2Cregular%2C700|font_style:700%20bold%20regular%3A700%3Anormal\"][vc_column_text]VENERD\u00ec 8, SABATO 9, MARTED\u00ec 12 MAGGIO 2015 Associazione G. Carducci, Como Villa del Grumello Universit\u00e0 dell'Insubria[\/vc_column_text][vc_btn title=\"SCARICA IL PROGRAMMA\" style=\"outline-custom\" outline_custom_color=\"#e07527\" outline_custom_hover_background=\"#e07527\" outline_custom_hover_text=\"#ffffff\" shape=\"square\" size=\"sm\" align=\"left\" link=\"url:https%3A%2F%2Feuropainversi.org%2Fwp-content%2Fuploads%2F2020%2F09%2FEIV_2015_programma.pdf||target:%20_blank|\"][vc_btn title=\"RASSEGNA STAMPA\" style=\"outline-custom\" outline_custom_color=\"#e07527\" outline_custom_hover_background=\"#e07527\" outline_custom_hover_text=\"#ffffff\" shape=\"square\" size=\"sm\" align=\"left\" link=\"url:https%3A%2F%2Feuropainversi.org%2Fwp-content%2Fuploads%2F2021%2F05%2FEIV_2015_rassegna_stampa.pdf|target:_blank\"][\/vc_column][\/vc_row][vc_row][vc_column][vc_column_text] \u201cSe la poesia non nasce con ...continue reading \"EDIZIONE 2015\"","og_url":"https:\/\/europainversi.org\/en\/edizione-2015\/","og_site_name":"Europa in Versi","article_publisher":"https:\/\/www.facebook.com\/europainversi","article_modified_time":"2021-05-03T12:26:40+00:00","twitter_card":"summary_large_image","twitter_site":"@EuropainVersi","twitter_misc":{"Est. reading time":"2 minutes"},"schema":{"@context":"https:\/\/schema.org","@graph":[{"@type":"WebPage","@id":"https:\/\/europainversi.org\/en\/edizione-2015\/","url":"https:\/\/europainversi.org\/en\/edizione-2015\/","name":"EDIZIONE 2015 - Europa in Versi","isPartOf":{"@id":"https:\/\/europainversi.org\/en\/#website"},"datePublished":"2020-09-05T09:09:09+00:00","dateModified":"2021-05-03T12:26:40+00:00","breadcrumb":{"@id":"https:\/\/europainversi.org\/en\/edizione-2015\/#breadcrumb"},"inLanguage":"en-US","potentialAction":[{"@type":"ReadAction","target":["https:\/\/europainversi.org\/en\/edizione-2015\/"]}]},{"@type":"BreadcrumbList","@id":"https:\/\/europainversi.org\/en\/edizione-2015\/#breadcrumb","itemListElement":[{"@type":"ListItem","position":1,"name":"Home","item":"https:\/\/europainversi.org\/en\/"},{"@type":"ListItem","position":2,"name":"EDIZIONE 2015"}]},{"@type":"WebSite","@id":"https:\/\/europainversi.org\/en\/#website","url":"https:\/\/europainversi.org\/en\/","name":"Europa in Versi","description":"Festival Internazionale di Poesia de La Casa della Poesia di Como","publisher":{"@id":"https:\/\/europainversi.org\/en\/#organization"},"potentialAction":[{"@type":"SearchAction","target":{"@type":"EntryPoint","urlTemplate":"https:\/\/europainversi.org\/en\/?s={search_term_string}"},"query-input":{"@type":"PropertyValueSpecification","valueRequired":true,"valueName":"search_term_string"}}],"inLanguage":"en-US"},{"@type":"Organization","@id":"https:\/\/europainversi.org\/en\/#organization","name":"Europa In Versi","url":"https:\/\/europainversi.org\/en\/","logo":{"@type":"ImageObject","inLanguage":"en-US","@id":"https:\/\/europainversi.org\/en\/#\/schema\/logo\/image\/","url":"https:\/\/europainversi.org\/wp-content\/uploads\/2016\/10\/cropped-EIV_Logo_Elab_Icon.jpg","contentUrl":"https:\/\/europainversi.org\/wp-content\/uploads\/2016\/10\/cropped-EIV_Logo_Elab_Icon.jpg","width":512,"height":512,"caption":"Europa In Versi"},"image":{"@id":"https:\/\/europainversi.org\/en\/#\/schema\/logo\/image\/"},"sameAs":["https:\/\/www.facebook.com\/europainversi","https:\/\/x.com\/EuropainVersi"]}]}},"_links":{"self":[{"href":"https:\/\/europainversi.org\/en\/wp-json\/wp\/v2\/pages\/4428","targetHints":{"allow":["GET"]}}],"collection":[{"href":"https:\/\/europainversi.org\/en\/wp-json\/wp\/v2\/pages"}],"about":[{"href":"https:\/\/europainversi.org\/en\/wp-json\/wp\/v2\/types\/page"}],"author":[{"embeddable":true,"href":"https:\/\/europainversi.org\/en\/wp-json\/wp\/v2\/users\/8"}],"replies":[{"embeddable":true,"href":"https:\/\/europainversi.org\/en\/wp-json\/wp\/v2\/comments?post=4428"}],"version-history":[{"count":1,"href":"https:\/\/europainversi.org\/en\/wp-json\/wp\/v2\/pages\/4428\/revisions"}],"predecessor-version":[{"id":4917,"href":"https:\/\/europainversi.org\/en\/wp-json\/wp\/v2\/pages\/4428\/revisions\/4917"}],"wp:attachment":[{"href":"https:\/\/europainversi.org\/en\/wp-json\/wp\/v2\/media?parent=4428"}],"curies":[{"name":"wp","href":"https:\/\/api.w.org\/{rel}","templated":true}]}}