{"id":4427,"date":"2020-09-05T10:00:27","date_gmt":"2020-09-05T09:00:27","guid":{"rendered":"https:\/\/europainversi.org\/edizione-2014\/"},"modified":"2020-09-05T10:00:27","modified_gmt":"2020-09-05T09:00:27","slug":"edizione-2014","status":"publish","type":"page","link":"https:\/\/europainversi.org\/en\/edizione-2014\/","title":{"rendered":"EDIZIONE 2014"},"content":{"rendered":"<div class=\"wpb-content-wrapper\">[vc_row][vc_column width=\"1\/2\"][vc_single_image image=\"2907\" img_size=\"full\" alignment=\"center\"][\/vc_column][vc_column width=\"1\/2\"][vc_custom_heading text=\"IL SUONO E IL SENSO: UN ORIGINE COMUNE\" font_container=\"tag:h1|text_align:left|color:%23a5891e\" google_fonts=\"font_family:Oswald%3A300%2Cregular%2C700|font_style:700%20bold%20regular%3A700%3Anormal\"][vc_column_text]<strong>SABATO 22 MARZO 2014, ore 14.15<\/strong><br \/>\nVilla del Grumello, Como[\/vc_column_text][vc_btn title=\"SCARICA IL PROGRAMMA\" style=\"outline-custom\" outline_custom_color=\"#a5891e\" outline_custom_hover_background=\"#a5891e\" outline_custom_hover_text=\"#ffffff\" shape=\"square\" size=\"sm\" align=\"left\" link=\"url:https%3A%2F%2Feuropainversi.org%2Fwp-content%2Fuploads%2F2020%2F09%2FEIV_2014_programma.pdf||target:%20_blank|\"][vc_btn title=\"RASSEGNA STAMPA\" style=\"outline-custom\" outline_custom_color=\"#a5891e\" outline_custom_hover_background=\"#a5891e\" outline_custom_hover_text=\"#ffffff\" shape=\"square\" size=\"sm\" align=\"left\" link=\"url:https%3A%2F%2Feuropainversi.org%2Fwp-content%2Fuploads%2F2020%2F09%2FEIV_2014_rassegna_stampa.pdf||target:%20_blank|\"][\/vc_column][\/vc_row][vc_row][vc_column][vc_column_text]\n<p style=\"text-align: center;\"><span style=\"font-family: book antiqua, palatino, serif; font-size: 18pt;\"><strong><em><span style=\"color: #00688e;\"><span style=\"color: #018160;\"><span style=\"color: #a5891e;\">\u201cL'origine ama nascondersi\u201d<\/span><br \/>\n<\/span><\/span><\/em><\/strong><\/span>(Paul Val\u00e9ry)<\/p>\n[\/vc_column_text][vc_column_text]\n<p style=\"text-align: justify;\">La quarta edizione di Europa in Versi,\"Il suono e il senso: un'origine comune\" che si \u00e8 tenuta il 22 marzo 2014 a Villa del Grumello a Como, ha allargato i confini al rapporto da sempre esistente tra poesia e musica, tra la parola e il suono, parola che si conosce e che si ascolta. I linguaggi della poesia e della musica hanno infatti un\u2019origine comune: aedi, trovatori, menestrelli univano suono e senso indissolubilmente. La poesia, legata ad una prosodia che nutre l'immagine, \u00e8 misura che si annuncia non solo in funzione di un contenuto ma, soprattutto, nel rapporto tra l'immagine e il respiro, la pausa, il suono. Il lavoro del poeta si dipana nella difficile ricerca della parola giusta, insostituibile, unica e capace di incarnare il soffio sonoro del visibile che si vuole esprimere. E se in seguito musica e poesia hanno seguito ciascuna la propria strada, \u00e8 vero che le accomunano ritmo, armonia, suono. Questa edizione ha offerto al pubblico la possibilit\u00e0 di recuperare, capire e apprezzare le analogie e le differenze che da sempre caratterizzano questi due ambiti dell\u2019arte. Tra i poeti italiani partecipanti, Giuseppe Conte, Ida Travi, Donatella Bisutti e tra gli stranieri Tugrul Tnyol (Turchia), Luisa Castro, Juan Vicente Piqueras e Jos\u00e9 Maria Mic\u00f3 (Spagna ). Ospite d\u2019eccezione il violinista di origine marocchina Jamal Ouassini. Novit\u00e0 di questa edizione \u00e8 stato il prologo di venerd\u00ec 12 aprile. Durante la serata, presso la sede dell\u2019Associazione G. Carducci in via Cavallotti 7 alle 21.00, il poeta e scrittore Basilio Luoni, ha presentato \u201cLa Rusalka\u201d, lavoro teatrale su Alexander Pushkin, accompagnato dalla Compagnia Teatrale Lezzenese.<\/p>\n[\/vc_column_text][\/vc_column][\/vc_row][vc_row][vc_column][vc_custom_heading text=\"I VIDEO E LA GALLERIA FOTOGRAFICA DELL'EDIZIONE 2014\" font_container=\"tag:h1|text_align:left\" google_fonts=\"font_family:Oswald%3A300%2Cregular%2C700|font_style:700%20bold%20regular%3A700%3Anormal\"][vc_empty_space][vc_column_text]<iframe loading=\"lazy\" src=\"https:\/\/www.youtube.com\/embed\/videoseries?list=PLl9Wy5yS_H7e5muAKe6yVvWwUjFcDksDv\" width=\"560\" height=\"315\" frameborder=\"0\" allowfullscreen=\"allowfullscreen\"><\/iframe>[\/vc_column_text][vc_empty_space][vc_masonry_media_grid element_width=\"2\" gap=\"2\" grid_id=\"vc_gid:1599296883250-ad43383b-b198-2\" include=\"2912,2930,2929,2928,2927,2926,2925,2924,2923,2922,2921,2920,2919,2918,2917,2916,2915,2914,2913\"][\/vc_column][\/vc_row]\n<\/div>","protected":false},"excerpt":{"rendered":"<p>[vc_row][vc_column width=\"1\/2\"][vc_single_image image=\"2907\" img_size=\"full\" alignment=\"center\"][\/vc_column][vc_column width=\"1\/2\"][vc_custom_heading text=\"IL SUONO E IL SENSO: UN ORIGINE COMUNE\" font_container=\"tag:h1|text_align:left|color:%23a5891e\" google_fonts=\"font_family:Oswald%3A300%2Cregular%2C700|font_style:700%20bold%20regular%3A700%3Anormal\"][vc_column_text]SABATO 22 MARZO 2014, ore 14.15 Villa del Grumello, Como[\/vc_column_text][vc_btn title=\"SCARICA IL PROGRAMMA\" style=\"outline-custom\" outline_custom_color=\"#a5891e\" outline_custom_hover_background=\"#a5891e\" outline_custom_hover_text=\"#ffffff\" shape=\"square\" size=\"sm\" align=\"left\" link=\"url:https%3A%2F%2Feuropainversi.org%2Fwp-content%2Fuploads%2F2020%2F09%2FEIV_2014_programma.pdf||target:%20_blank|\"][vc_btn title=\"RASSEGNA STAMPA\" style=\"outline-custom\" outline_custom_color=\"#a5891e\" outline_custom_hover_background=\"#a5891e\" outline_custom_hover_text=\"#ffffff\" shape=\"square\" size=\"sm\" align=\"left\" link=\"url:https%3A%2F%2Feuropainversi.org%2Fwp-content%2Fuploads%2F2020%2F09%2FEIV_2014_rassegna_stampa.pdf||target:%20_blank|\"][\/vc_column][\/vc_row][vc_row][vc_column][vc_column_text] \u201cL'origine ama nascondersi\u201d (Paul Val\u00e9ry) [\/vc_column_text][vc_column_text] La quarta edizione <a href=\"https:\/\/europainversi.org\/en\/edizione-2014\/\" class=\"more-link\">...continue reading<span class=\"screen-reader-text\"> \"EDIZIONE 2014\"<\/span><\/a><\/p>\n","protected":false},"author":8,"featured_media":0,"parent":0,"menu_order":0,"comment_status":"closed","ping_status":"closed","template":"page-templates\/full-width.php","meta":{"footnotes":""},"class_list":["post-4427","page","type-page","status-publish","h-entry","hentry","h-as-page"],"yoast_head":"<!-- This site is optimized with the Yoast SEO plugin v26.5 - https:\/\/yoast.com\/wordpress\/plugins\/seo\/ -->\n<title>EDIZIONE 2014 - Europa in Versi<\/title>\n<meta name=\"robots\" content=\"index, follow, max-snippet:-1, max-image-preview:large, max-video-preview:-1\" \/>\n<link rel=\"canonical\" href=\"https:\/\/europainversi.org\/en\/edizione-2014\/\" \/>\n<meta property=\"og:locale\" content=\"en_US\" \/>\n<meta property=\"og:type\" content=\"article\" \/>\n<meta property=\"og:title\" content=\"EDIZIONE 2014 - Europa in Versi\" \/>\n<meta property=\"og:description\" content=\"[vc_row][vc_column width=&quot;1\/2&quot;][vc_single_image image=&quot;2907&quot; img_size=&quot;full&quot; alignment=&quot;center&quot;][\/vc_column][vc_column width=&quot;1\/2&quot;][vc_custom_heading text=&quot;IL SUONO E IL SENSO: UN ORIGINE COMUNE&quot; font_container=&quot;tag:h1|text_align:left|color:%23a5891e&quot; google_fonts=&quot;font_family:Oswald%3A300%2Cregular%2C700|font_style:700%20bold%20regular%3A700%3Anormal&quot;][vc_column_text]SABATO 22 MARZO 2014, ore 14.15 Villa del Grumello, Como[\/vc_column_text][vc_btn title=&quot;SCARICA IL PROGRAMMA&quot; style=&quot;outline-custom&quot; outline_custom_color=&quot;#a5891e&quot; outline_custom_hover_background=&quot;#a5891e&quot; outline_custom_hover_text=&quot;#ffffff&quot; shape=&quot;square&quot; size=&quot;sm&quot; align=&quot;left&quot; link=&quot;url:https%3A%2F%2Feuropainversi.org%2Fwp-content%2Fuploads%2F2020%2F09%2FEIV_2014_programma.pdf||target:%20_blank|&quot;][vc_btn title=&quot;RASSEGNA STAMPA&quot; style=&quot;outline-custom&quot; outline_custom_color=&quot;#a5891e&quot; outline_custom_hover_background=&quot;#a5891e&quot; outline_custom_hover_text=&quot;#ffffff&quot; shape=&quot;square&quot; size=&quot;sm&quot; align=&quot;left&quot; link=&quot;url:https%3A%2F%2Feuropainversi.org%2Fwp-content%2Fuploads%2F2020%2F09%2FEIV_2014_rassegna_stampa.pdf||target:%20_blank|&quot;][\/vc_column][\/vc_row][vc_row][vc_column][vc_column_text] \u201cL&#039;origine ama nascondersi\u201d (Paul Val\u00e9ry) [\/vc_column_text][vc_column_text] La quarta edizione ...continue reading &quot;EDIZIONE 2014&quot;\" \/>\n<meta property=\"og:url\" content=\"https:\/\/europainversi.org\/en\/edizione-2014\/\" \/>\n<meta property=\"og:site_name\" content=\"Europa in Versi\" \/>\n<meta property=\"article:publisher\" content=\"https:\/\/www.facebook.com\/europainversi\" \/>\n<meta name=\"twitter:card\" content=\"summary_large_image\" \/>\n<meta name=\"twitter:site\" content=\"@EuropainVersi\" \/>\n<meta name=\"twitter:label1\" content=\"Est. reading time\" \/>\n\t<meta name=\"twitter:data1\" content=\"3 minutes\" \/>\n<script type=\"application\/ld+json\" class=\"yoast-schema-graph\">{\"@context\":\"https:\/\/schema.org\",\"@graph\":[{\"@type\":\"WebPage\",\"@id\":\"https:\/\/europainversi.org\/en\/edizione-2014\/\",\"url\":\"https:\/\/europainversi.org\/en\/edizione-2014\/\",\"name\":\"EDIZIONE 2014 - Europa in Versi\",\"isPartOf\":{\"@id\":\"https:\/\/europainversi.org\/en\/#website\"},\"datePublished\":\"2020-09-05T09:00:27+00:00\",\"breadcrumb\":{\"@id\":\"https:\/\/europainversi.org\/en\/edizione-2014\/#breadcrumb\"},\"inLanguage\":\"en-US\",\"potentialAction\":[{\"@type\":\"ReadAction\",\"target\":[\"https:\/\/europainversi.org\/en\/edizione-2014\/\"]}]},{\"@type\":\"BreadcrumbList\",\"@id\":\"https:\/\/europainversi.org\/en\/edizione-2014\/#breadcrumb\",\"itemListElement\":[{\"@type\":\"ListItem\",\"position\":1,\"name\":\"Home\",\"item\":\"https:\/\/europainversi.org\/en\/\"},{\"@type\":\"ListItem\",\"position\":2,\"name\":\"EDIZIONE 2014\"}]},{\"@type\":\"WebSite\",\"@id\":\"https:\/\/europainversi.org\/en\/#website\",\"url\":\"https:\/\/europainversi.org\/en\/\",\"name\":\"Europa in Versi\",\"description\":\"Festival Internazionale di Poesia de La Casa della Poesia di Como\",\"publisher\":{\"@id\":\"https:\/\/europainversi.org\/en\/#organization\"},\"potentialAction\":[{\"@type\":\"SearchAction\",\"target\":{\"@type\":\"EntryPoint\",\"urlTemplate\":\"https:\/\/europainversi.org\/en\/?s={search_term_string}\"},\"query-input\":{\"@type\":\"PropertyValueSpecification\",\"valueRequired\":true,\"valueName\":\"search_term_string\"}}],\"inLanguage\":\"en-US\"},{\"@type\":\"Organization\",\"@id\":\"https:\/\/europainversi.org\/en\/#organization\",\"name\":\"Europa In Versi\",\"url\":\"https:\/\/europainversi.org\/en\/\",\"logo\":{\"@type\":\"ImageObject\",\"inLanguage\":\"en-US\",\"@id\":\"https:\/\/europainversi.org\/en\/#\/schema\/logo\/image\/\",\"url\":\"https:\/\/europainversi.org\/wp-content\/uploads\/2016\/10\/cropped-EIV_Logo_Elab_Icon.jpg\",\"contentUrl\":\"https:\/\/europainversi.org\/wp-content\/uploads\/2016\/10\/cropped-EIV_Logo_Elab_Icon.jpg\",\"width\":512,\"height\":512,\"caption\":\"Europa In Versi\"},\"image\":{\"@id\":\"https:\/\/europainversi.org\/en\/#\/schema\/logo\/image\/\"},\"sameAs\":[\"https:\/\/www.facebook.com\/europainversi\",\"https:\/\/x.com\/EuropainVersi\"]}]}<\/script>\n<!-- \/ Yoast SEO plugin. -->","yoast_head_json":{"title":"EDIZIONE 2014 - Europa in Versi","robots":{"index":"index","follow":"follow","max-snippet":"max-snippet:-1","max-image-preview":"max-image-preview:large","max-video-preview":"max-video-preview:-1"},"canonical":"https:\/\/europainversi.org\/en\/edizione-2014\/","og_locale":"en_US","og_type":"article","og_title":"EDIZIONE 2014 - Europa in Versi","og_description":"[vc_row][vc_column width=\"1\/2\"][vc_single_image image=\"2907\" img_size=\"full\" alignment=\"center\"][\/vc_column][vc_column width=\"1\/2\"][vc_custom_heading text=\"IL SUONO E IL SENSO: UN ORIGINE COMUNE\" font_container=\"tag:h1|text_align:left|color:%23a5891e\" google_fonts=\"font_family:Oswald%3A300%2Cregular%2C700|font_style:700%20bold%20regular%3A700%3Anormal\"][vc_column_text]SABATO 22 MARZO 2014, ore 14.15 Villa del Grumello, Como[\/vc_column_text][vc_btn title=\"SCARICA IL PROGRAMMA\" style=\"outline-custom\" outline_custom_color=\"#a5891e\" outline_custom_hover_background=\"#a5891e\" outline_custom_hover_text=\"#ffffff\" shape=\"square\" size=\"sm\" align=\"left\" link=\"url:https%3A%2F%2Feuropainversi.org%2Fwp-content%2Fuploads%2F2020%2F09%2FEIV_2014_programma.pdf||target:%20_blank|\"][vc_btn title=\"RASSEGNA STAMPA\" style=\"outline-custom\" outline_custom_color=\"#a5891e\" outline_custom_hover_background=\"#a5891e\" outline_custom_hover_text=\"#ffffff\" shape=\"square\" size=\"sm\" align=\"left\" link=\"url:https%3A%2F%2Feuropainversi.org%2Fwp-content%2Fuploads%2F2020%2F09%2FEIV_2014_rassegna_stampa.pdf||target:%20_blank|\"][\/vc_column][\/vc_row][vc_row][vc_column][vc_column_text] \u201cL'origine ama nascondersi\u201d (Paul Val\u00e9ry) [\/vc_column_text][vc_column_text] La quarta edizione ...continue reading \"EDIZIONE 2014\"","og_url":"https:\/\/europainversi.org\/en\/edizione-2014\/","og_site_name":"Europa in Versi","article_publisher":"https:\/\/www.facebook.com\/europainversi","twitter_card":"summary_large_image","twitter_site":"@EuropainVersi","twitter_misc":{"Est. reading time":"3 minutes"},"schema":{"@context":"https:\/\/schema.org","@graph":[{"@type":"WebPage","@id":"https:\/\/europainversi.org\/en\/edizione-2014\/","url":"https:\/\/europainversi.org\/en\/edizione-2014\/","name":"EDIZIONE 2014 - Europa in Versi","isPartOf":{"@id":"https:\/\/europainversi.org\/en\/#website"},"datePublished":"2020-09-05T09:00:27+00:00","breadcrumb":{"@id":"https:\/\/europainversi.org\/en\/edizione-2014\/#breadcrumb"},"inLanguage":"en-US","potentialAction":[{"@type":"ReadAction","target":["https:\/\/europainversi.org\/en\/edizione-2014\/"]}]},{"@type":"BreadcrumbList","@id":"https:\/\/europainversi.org\/en\/edizione-2014\/#breadcrumb","itemListElement":[{"@type":"ListItem","position":1,"name":"Home","item":"https:\/\/europainversi.org\/en\/"},{"@type":"ListItem","position":2,"name":"EDIZIONE 2014"}]},{"@type":"WebSite","@id":"https:\/\/europainversi.org\/en\/#website","url":"https:\/\/europainversi.org\/en\/","name":"Europa in Versi","description":"Festival Internazionale di Poesia de La Casa della Poesia di Como","publisher":{"@id":"https:\/\/europainversi.org\/en\/#organization"},"potentialAction":[{"@type":"SearchAction","target":{"@type":"EntryPoint","urlTemplate":"https:\/\/europainversi.org\/en\/?s={search_term_string}"},"query-input":{"@type":"PropertyValueSpecification","valueRequired":true,"valueName":"search_term_string"}}],"inLanguage":"en-US"},{"@type":"Organization","@id":"https:\/\/europainversi.org\/en\/#organization","name":"Europa In Versi","url":"https:\/\/europainversi.org\/en\/","logo":{"@type":"ImageObject","inLanguage":"en-US","@id":"https:\/\/europainversi.org\/en\/#\/schema\/logo\/image\/","url":"https:\/\/europainversi.org\/wp-content\/uploads\/2016\/10\/cropped-EIV_Logo_Elab_Icon.jpg","contentUrl":"https:\/\/europainversi.org\/wp-content\/uploads\/2016\/10\/cropped-EIV_Logo_Elab_Icon.jpg","width":512,"height":512,"caption":"Europa In Versi"},"image":{"@id":"https:\/\/europainversi.org\/en\/#\/schema\/logo\/image\/"},"sameAs":["https:\/\/www.facebook.com\/europainversi","https:\/\/x.com\/EuropainVersi"]}]}},"_links":{"self":[{"href":"https:\/\/europainversi.org\/en\/wp-json\/wp\/v2\/pages\/4427","targetHints":{"allow":["GET"]}}],"collection":[{"href":"https:\/\/europainversi.org\/en\/wp-json\/wp\/v2\/pages"}],"about":[{"href":"https:\/\/europainversi.org\/en\/wp-json\/wp\/v2\/types\/page"}],"author":[{"embeddable":true,"href":"https:\/\/europainversi.org\/en\/wp-json\/wp\/v2\/users\/8"}],"replies":[{"embeddable":true,"href":"https:\/\/europainversi.org\/en\/wp-json\/wp\/v2\/comments?post=4427"}],"version-history":[{"count":0,"href":"https:\/\/europainversi.org\/en\/wp-json\/wp\/v2\/pages\/4427\/revisions"}],"wp:attachment":[{"href":"https:\/\/europainversi.org\/en\/wp-json\/wp\/v2\/media?parent=4427"}],"curies":[{"name":"wp","href":"https:\/\/api.w.org\/{rel}","templated":true}]}}