{"id":4425,"date":"2020-09-05T09:07:49","date_gmt":"2020-09-05T08:07:49","guid":{"rendered":"https:\/\/europainversi.org\/edizione-2012\/"},"modified":"2020-09-05T09:07:49","modified_gmt":"2020-09-05T08:07:49","slug":"edizione-2012","status":"publish","type":"page","link":"https:\/\/europainversi.org\/en\/edizione-2012\/","title":{"rendered":"EDIZIONE 2012"},"content":{"rendered":"<div class=\"wpb-content-wrapper\">[vc_row][vc_column width=\"1\/2\"][vc_single_image image=\"2867\" img_size=\"full\" alignment=\"center\"][\/vc_column][vc_column width=\"1\/2\"][vc_custom_heading text=\"LA CURA DELLA POESIA\" font_container=\"tag:h1|text_align:left|color:%2300688e\" google_fonts=\"font_family:Oswald%3A300%2Cregular%2C700|font_style:700%20bold%20regular%3A700%3Anormal\"][vc_column_text]<strong>SABATO 14 APRILE 2012, ore 15.00<\/strong><br \/>\nVilla del Grumello, Como[\/vc_column_text][vc_btn title=\"SCARICA IL PROGRAMMA\" style=\"outline-custom\" outline_custom_color=\"#00688f\" outline_custom_hover_background=\"#00688f\" outline_custom_hover_text=\"#ffffff\" shape=\"square\" size=\"sm\" align=\"left\" link=\"url:https%3A%2F%2Feuropainversi.org%2Fwp-content%2Fuploads%2F2020%2F09%2F2012_programma.pdf||target:%20_blank|\"][vc_btn title=\"RASSEGNA STAMPA\" style=\"outline-custom\" outline_custom_color=\"#00688f\" outline_custom_hover_background=\"#00688f\" outline_custom_hover_text=\"#ffffff\" shape=\"square\" size=\"sm\" align=\"left\" link=\"url:https%3A%2F%2Feuropainversi.org%2Fwp-content%2Fuploads%2F2020%2F09%2FEIV_2012_rassegna_stampa.pdf||target:%20_blank|\"][\/vc_column][\/vc_row][vc_row][vc_column][vc_column_text]\n<p style=\"text-align: center;\"><span style=\"font-family: book antiqua, palatino, serif; font-size: 18pt;\"><strong><em><span style=\"color: #00688e;\">\u201cCon te mi libero \/ dal dolore, vinco la solitudine, \/ trovo armonia.\u201d <\/span><br \/>\n<\/em><\/strong><\/span>(Gianpaolo Donzelli)<\/p>\n[\/vc_column_text][vc_column_text]\n<p style=\"text-align: justify;\">La seconda edizione del Festival di poesia Europa in Versi \"La cura della poesia\" si \u00e8 tenuta sabato 14 aprile, a partire dalle ore 15, presso la splendida Villa del Grumello.<\/p>\n<p style=\"text-align: justify;\">Questa edizione ha allargato i confini della poesia ai paesi dell'Europa del Sud e del Nord Africa, ospitando tra gli altri il poeta portoghese Gast\u00e3o Cruz, lo spagnolo Juan Carlos Reche e la poetessa marocchina Fatiha Morchid, oltre a ospitare grandi nomi della poesia italiana. In tal modo si \u00e8 offerta al pubblico una variet\u00e0 di poetiche e si \u00e8 allargato l\u2019orizzonte culturale della manifestazione. Un\u2019importante iniziativa ha caratterizzato l\u2019edizione del 2012: hanno portato la loro testimonianza medici e sociologi impegnati nelle Medical Humanities, un insieme di discipline che analizzano in che modo le scienze umanistiche, e in particolare la poesia, possono influenzare l\u2019educazione e la pratica medica.<\/p>\n<p style=\"text-align: justify;\">Hanno partecipato il Prof. Dott. Graziano Martignoni,\u00a0Psichiatra FMH e Psicoanalista, il Prof. Gianpaolo Donzelli \u00a0Professore Ordinario di Neonatologia e Pediatria Universit\u00e0 di Firenze, il Prof. Mario Guidotti Primario Unit\u00e0 Operativa di Neurologia\u00a0 Ospedale Valduce di Como,la Dott.ssa Patrizia Trimboli Sociologa, Counselor ad orientamento clinico e Docente nella Formazione.<\/p>\n[\/vc_column_text][\/vc_column][\/vc_row][vc_row][vc_column][vc_custom_heading text=\"I VIDEO E LA GALLERIA FOTOGRAFICA DELL'EDIZIONE 2012\" font_container=\"tag:h1|text_align:left\" google_fonts=\"font_family:Oswald%3A300%2Cregular%2C700|font_style:700%20bold%20regular%3A700%3Anormal\"][vc_empty_space][vc_masonry_media_grid element_width=\"2\" gap=\"2\" grid_id=\"vc_gid:1599295893377-5cd22f03-50fe-8\" include=\"2870,2885,2884,2883,2882,2881,2880,2879,2878,2877,2876,2874,2873,2872,2871\"][\/vc_column][\/vc_row]\n<\/div>","protected":false},"excerpt":{"rendered":"<p>[vc_row][vc_column width=\"1\/2\"][vc_single_image image=\"2867\" img_size=\"full\" alignment=\"center\"][\/vc_column][vc_column width=\"1\/2\"][vc_custom_heading text=\"LA CURA DELLA POESIA\" font_container=\"tag:h1|text_align:left|color:%2300688e\" google_fonts=\"font_family:Oswald%3A300%2Cregular%2C700|font_style:700%20bold%20regular%3A700%3Anormal\"][vc_column_text]SABATO 14 APRILE 2012, ore 15.00 Villa del Grumello, Como[\/vc_column_text][vc_btn title=\"SCARICA IL PROGRAMMA\" style=\"outline-custom\" outline_custom_color=\"#00688f\" outline_custom_hover_background=\"#00688f\" outline_custom_hover_text=\"#ffffff\" shape=\"square\" size=\"sm\" align=\"left\" link=\"url:https%3A%2F%2Feuropainversi.org%2Fwp-content%2Fuploads%2F2020%2F09%2F2012_programma.pdf||target:%20_blank|\"][vc_btn title=\"RASSEGNA STAMPA\" style=\"outline-custom\" outline_custom_color=\"#00688f\" outline_custom_hover_background=\"#00688f\" outline_custom_hover_text=\"#ffffff\" shape=\"square\" size=\"sm\" align=\"left\" link=\"url:https%3A%2F%2Feuropainversi.org%2Fwp-content%2Fuploads%2F2020%2F09%2FEIV_2012_rassegna_stampa.pdf||target:%20_blank|\"][\/vc_column][\/vc_row][vc_row][vc_column][vc_column_text] \u201cCon te mi libero \/ dal dolore, vinco la solitudine, \/ trovo armonia.\u201d <a href=\"https:\/\/europainversi.org\/en\/edizione-2012\/\" class=\"more-link\">...continue reading<span class=\"screen-reader-text\"> \"EDIZIONE 2012\"<\/span><\/a><\/p>\n","protected":false},"author":8,"featured_media":0,"parent":0,"menu_order":0,"comment_status":"closed","ping_status":"closed","template":"page-templates\/full-width.php","meta":{"footnotes":""},"class_list":["post-4425","page","type-page","status-publish","h-entry","hentry","h-as-page"],"yoast_head":"<!-- This site is optimized with the Yoast SEO plugin v26.5 - https:\/\/yoast.com\/wordpress\/plugins\/seo\/ -->\n<title>EDIZIONE 2012 - Europa in Versi<\/title>\n<meta name=\"robots\" content=\"index, follow, max-snippet:-1, max-image-preview:large, max-video-preview:-1\" \/>\n<link rel=\"canonical\" href=\"https:\/\/europainversi.org\/en\/edizione-2012\/\" \/>\n<meta property=\"og:locale\" content=\"en_US\" \/>\n<meta property=\"og:type\" content=\"article\" \/>\n<meta property=\"og:title\" content=\"EDIZIONE 2012 - Europa in Versi\" \/>\n<meta property=\"og:description\" content=\"[vc_row][vc_column width=&quot;1\/2&quot;][vc_single_image image=&quot;2867&quot; img_size=&quot;full&quot; alignment=&quot;center&quot;][\/vc_column][vc_column width=&quot;1\/2&quot;][vc_custom_heading text=&quot;LA CURA DELLA POESIA&quot; font_container=&quot;tag:h1|text_align:left|color:%2300688e&quot; google_fonts=&quot;font_family:Oswald%3A300%2Cregular%2C700|font_style:700%20bold%20regular%3A700%3Anormal&quot;][vc_column_text]SABATO 14 APRILE 2012, ore 15.00 Villa del Grumello, Como[\/vc_column_text][vc_btn title=&quot;SCARICA IL PROGRAMMA&quot; style=&quot;outline-custom&quot; outline_custom_color=&quot;#00688f&quot; outline_custom_hover_background=&quot;#00688f&quot; outline_custom_hover_text=&quot;#ffffff&quot; shape=&quot;square&quot; size=&quot;sm&quot; align=&quot;left&quot; link=&quot;url:https%3A%2F%2Feuropainversi.org%2Fwp-content%2Fuploads%2F2020%2F09%2F2012_programma.pdf||target:%20_blank|&quot;][vc_btn title=&quot;RASSEGNA STAMPA&quot; style=&quot;outline-custom&quot; outline_custom_color=&quot;#00688f&quot; outline_custom_hover_background=&quot;#00688f&quot; outline_custom_hover_text=&quot;#ffffff&quot; shape=&quot;square&quot; size=&quot;sm&quot; align=&quot;left&quot; link=&quot;url:https%3A%2F%2Feuropainversi.org%2Fwp-content%2Fuploads%2F2020%2F09%2FEIV_2012_rassegna_stampa.pdf||target:%20_blank|&quot;][\/vc_column][\/vc_row][vc_row][vc_column][vc_column_text] \u201cCon te mi libero \/ dal dolore, vinco la solitudine, \/ trovo armonia.\u201d ...continue reading &quot;EDIZIONE 2012&quot;\" \/>\n<meta property=\"og:url\" content=\"https:\/\/europainversi.org\/en\/edizione-2012\/\" \/>\n<meta property=\"og:site_name\" content=\"Europa in Versi\" \/>\n<meta property=\"article:publisher\" content=\"https:\/\/www.facebook.com\/europainversi\" \/>\n<meta name=\"twitter:card\" content=\"summary_large_image\" \/>\n<meta name=\"twitter:site\" content=\"@EuropainVersi\" \/>\n<meta name=\"twitter:label1\" content=\"Est. reading time\" \/>\n\t<meta name=\"twitter:data1\" content=\"2 minutes\" \/>\n<script type=\"application\/ld+json\" class=\"yoast-schema-graph\">{\"@context\":\"https:\/\/schema.org\",\"@graph\":[{\"@type\":\"WebPage\",\"@id\":\"https:\/\/europainversi.org\/en\/edizione-2012\/\",\"url\":\"https:\/\/europainversi.org\/en\/edizione-2012\/\",\"name\":\"EDIZIONE 2012 - Europa in Versi\",\"isPartOf\":{\"@id\":\"https:\/\/europainversi.org\/en\/#website\"},\"datePublished\":\"2020-09-05T08:07:49+00:00\",\"breadcrumb\":{\"@id\":\"https:\/\/europainversi.org\/en\/edizione-2012\/#breadcrumb\"},\"inLanguage\":\"en-US\",\"potentialAction\":[{\"@type\":\"ReadAction\",\"target\":[\"https:\/\/europainversi.org\/en\/edizione-2012\/\"]}]},{\"@type\":\"BreadcrumbList\",\"@id\":\"https:\/\/europainversi.org\/en\/edizione-2012\/#breadcrumb\",\"itemListElement\":[{\"@type\":\"ListItem\",\"position\":1,\"name\":\"Home\",\"item\":\"https:\/\/europainversi.org\/en\/\"},{\"@type\":\"ListItem\",\"position\":2,\"name\":\"EDIZIONE 2012\"}]},{\"@type\":\"WebSite\",\"@id\":\"https:\/\/europainversi.org\/en\/#website\",\"url\":\"https:\/\/europainversi.org\/en\/\",\"name\":\"Europa in Versi\",\"description\":\"Festival Internazionale di Poesia de La Casa della Poesia di Como\",\"publisher\":{\"@id\":\"https:\/\/europainversi.org\/en\/#organization\"},\"potentialAction\":[{\"@type\":\"SearchAction\",\"target\":{\"@type\":\"EntryPoint\",\"urlTemplate\":\"https:\/\/europainversi.org\/en\/?s={search_term_string}\"},\"query-input\":{\"@type\":\"PropertyValueSpecification\",\"valueRequired\":true,\"valueName\":\"search_term_string\"}}],\"inLanguage\":\"en-US\"},{\"@type\":\"Organization\",\"@id\":\"https:\/\/europainversi.org\/en\/#organization\",\"name\":\"Europa In Versi\",\"url\":\"https:\/\/europainversi.org\/en\/\",\"logo\":{\"@type\":\"ImageObject\",\"inLanguage\":\"en-US\",\"@id\":\"https:\/\/europainversi.org\/en\/#\/schema\/logo\/image\/\",\"url\":\"https:\/\/europainversi.org\/wp-content\/uploads\/2016\/10\/cropped-EIV_Logo_Elab_Icon.jpg\",\"contentUrl\":\"https:\/\/europainversi.org\/wp-content\/uploads\/2016\/10\/cropped-EIV_Logo_Elab_Icon.jpg\",\"width\":512,\"height\":512,\"caption\":\"Europa In Versi\"},\"image\":{\"@id\":\"https:\/\/europainversi.org\/en\/#\/schema\/logo\/image\/\"},\"sameAs\":[\"https:\/\/www.facebook.com\/europainversi\",\"https:\/\/x.com\/EuropainVersi\"]}]}<\/script>\n<!-- \/ Yoast SEO plugin. -->","yoast_head_json":{"title":"EDIZIONE 2012 - Europa in Versi","robots":{"index":"index","follow":"follow","max-snippet":"max-snippet:-1","max-image-preview":"max-image-preview:large","max-video-preview":"max-video-preview:-1"},"canonical":"https:\/\/europainversi.org\/en\/edizione-2012\/","og_locale":"en_US","og_type":"article","og_title":"EDIZIONE 2012 - Europa in Versi","og_description":"[vc_row][vc_column width=\"1\/2\"][vc_single_image image=\"2867\" img_size=\"full\" alignment=\"center\"][\/vc_column][vc_column width=\"1\/2\"][vc_custom_heading text=\"LA CURA DELLA POESIA\" font_container=\"tag:h1|text_align:left|color:%2300688e\" google_fonts=\"font_family:Oswald%3A300%2Cregular%2C700|font_style:700%20bold%20regular%3A700%3Anormal\"][vc_column_text]SABATO 14 APRILE 2012, ore 15.00 Villa del Grumello, Como[\/vc_column_text][vc_btn title=\"SCARICA IL PROGRAMMA\" style=\"outline-custom\" outline_custom_color=\"#00688f\" outline_custom_hover_background=\"#00688f\" outline_custom_hover_text=\"#ffffff\" shape=\"square\" size=\"sm\" align=\"left\" link=\"url:https%3A%2F%2Feuropainversi.org%2Fwp-content%2Fuploads%2F2020%2F09%2F2012_programma.pdf||target:%20_blank|\"][vc_btn title=\"RASSEGNA STAMPA\" style=\"outline-custom\" outline_custom_color=\"#00688f\" outline_custom_hover_background=\"#00688f\" outline_custom_hover_text=\"#ffffff\" shape=\"square\" size=\"sm\" align=\"left\" link=\"url:https%3A%2F%2Feuropainversi.org%2Fwp-content%2Fuploads%2F2020%2F09%2FEIV_2012_rassegna_stampa.pdf||target:%20_blank|\"][\/vc_column][\/vc_row][vc_row][vc_column][vc_column_text] \u201cCon te mi libero \/ dal dolore, vinco la solitudine, \/ trovo armonia.\u201d ...continue reading \"EDIZIONE 2012\"","og_url":"https:\/\/europainversi.org\/en\/edizione-2012\/","og_site_name":"Europa in Versi","article_publisher":"https:\/\/www.facebook.com\/europainversi","twitter_card":"summary_large_image","twitter_site":"@EuropainVersi","twitter_misc":{"Est. reading time":"2 minutes"},"schema":{"@context":"https:\/\/schema.org","@graph":[{"@type":"WebPage","@id":"https:\/\/europainversi.org\/en\/edizione-2012\/","url":"https:\/\/europainversi.org\/en\/edizione-2012\/","name":"EDIZIONE 2012 - Europa in Versi","isPartOf":{"@id":"https:\/\/europainversi.org\/en\/#website"},"datePublished":"2020-09-05T08:07:49+00:00","breadcrumb":{"@id":"https:\/\/europainversi.org\/en\/edizione-2012\/#breadcrumb"},"inLanguage":"en-US","potentialAction":[{"@type":"ReadAction","target":["https:\/\/europainversi.org\/en\/edizione-2012\/"]}]},{"@type":"BreadcrumbList","@id":"https:\/\/europainversi.org\/en\/edizione-2012\/#breadcrumb","itemListElement":[{"@type":"ListItem","position":1,"name":"Home","item":"https:\/\/europainversi.org\/en\/"},{"@type":"ListItem","position":2,"name":"EDIZIONE 2012"}]},{"@type":"WebSite","@id":"https:\/\/europainversi.org\/en\/#website","url":"https:\/\/europainversi.org\/en\/","name":"Europa in Versi","description":"Festival Internazionale di Poesia de La Casa della Poesia di Como","publisher":{"@id":"https:\/\/europainversi.org\/en\/#organization"},"potentialAction":[{"@type":"SearchAction","target":{"@type":"EntryPoint","urlTemplate":"https:\/\/europainversi.org\/en\/?s={search_term_string}"},"query-input":{"@type":"PropertyValueSpecification","valueRequired":true,"valueName":"search_term_string"}}],"inLanguage":"en-US"},{"@type":"Organization","@id":"https:\/\/europainversi.org\/en\/#organization","name":"Europa In Versi","url":"https:\/\/europainversi.org\/en\/","logo":{"@type":"ImageObject","inLanguage":"en-US","@id":"https:\/\/europainversi.org\/en\/#\/schema\/logo\/image\/","url":"https:\/\/europainversi.org\/wp-content\/uploads\/2016\/10\/cropped-EIV_Logo_Elab_Icon.jpg","contentUrl":"https:\/\/europainversi.org\/wp-content\/uploads\/2016\/10\/cropped-EIV_Logo_Elab_Icon.jpg","width":512,"height":512,"caption":"Europa In Versi"},"image":{"@id":"https:\/\/europainversi.org\/en\/#\/schema\/logo\/image\/"},"sameAs":["https:\/\/www.facebook.com\/europainversi","https:\/\/x.com\/EuropainVersi"]}]}},"_links":{"self":[{"href":"https:\/\/europainversi.org\/en\/wp-json\/wp\/v2\/pages\/4425","targetHints":{"allow":["GET"]}}],"collection":[{"href":"https:\/\/europainversi.org\/en\/wp-json\/wp\/v2\/pages"}],"about":[{"href":"https:\/\/europainversi.org\/en\/wp-json\/wp\/v2\/types\/page"}],"author":[{"embeddable":true,"href":"https:\/\/europainversi.org\/en\/wp-json\/wp\/v2\/users\/8"}],"replies":[{"embeddable":true,"href":"https:\/\/europainversi.org\/en\/wp-json\/wp\/v2\/comments?post=4425"}],"version-history":[{"count":0,"href":"https:\/\/europainversi.org\/en\/wp-json\/wp\/v2\/pages\/4425\/revisions"}],"wp:attachment":[{"href":"https:\/\/europainversi.org\/en\/wp-json\/wp\/v2\/media?parent=4425"}],"curies":[{"name":"wp","href":"https:\/\/api.w.org\/{rel}","templated":true}]}}