{"id":10770,"date":"2024-03-09T11:36:26","date_gmt":"2024-03-09T10:36:26","guid":{"rendered":"https:\/\/europainversi.org\/edizione-2024\/"},"modified":"2024-04-30T12:19:42","modified_gmt":"2024-04-30T11:19:42","slug":"edition-2024","status":"publish","type":"page","link":"https:\/\/europainversi.org\/en\/edition-2024\/","title":{"rendered":"EDIZIONE 2024"},"content":{"rendered":"<div class=\"wpb-content-wrapper\">[vc_row][vc_column width=\"1\/2\"][vc_single_image image=\"10766\" img_size=\"full\" alignment=\"center\"][\/vc_column][vc_column width=\"1\/2\"][vc_custom_heading text=\"POETRY IN MOTION:<br \/>\nA BRIDGE BETWEEN CULTURES\" font_container=\"tag:h1|text_align:left|color:%23646b45\" google_fonts=\"font_family:Oswald%3A300%2Cregular%2C700|font_style:700%20bold%20regular%3A700%3Anormal\"][vc_column_text]14th Edition International Poetry Festival<br \/>\nArtistic direction of <strong>Laura Garavaglia<\/strong><\/p>\n<p><span style=\"color: #646b45;\"><strong>23, 24, 25, 26 and 28 may 2024<\/strong><\/span><\/p>\n<p>THE ART COMPANY COMO<br \/>\nLICEO ALESSANDRO VOLTA<br \/>\nDELL\u2019UNIVERSIT\u00c0 DELL\u2019INSUBRIA<br \/>\nCONSOLATO GENERALE DELLA REPUBBLICA DI COREA<br \/>\nLICEO TERESA CICERI<br \/>\nPINACOTECA CIVICA DI COMO<br \/>\nVILLA SORMANI MARZORATI UVA<br \/>\nCONSOLATO GENERALE DEL MESSICO[\/vc_column_text][vc_btn title=\"POSTER 2024\" style=\"custom\" custom_background=\"#646b45\" custom_text=\"#ffffff\" shape=\"square\" link=\"url:https%3A%2F%2Feuropainversi.org%2Fwp-content%2Fuploads%2F2024%2F04%2FEIV_24_locandina_EN.pdf|target:_blank\" css=\".vc_custom_1714475980374{padding-right: 10px !important;}\"][vc_btn title=\"THE POETS OF THE 2024 EDITION\" style=\"custom\" custom_background=\"#646b45\" custom_text=\"#ffffff\" shape=\"square\" link=\"url:https%3A%2F%2Feuropainversi.org%2Fen%2Fi-poeti-delledizione-2024%2F|title:I%20POETI%20DELL%E2%80%99EDIZIONE%202023\"][\/vc_column][\/vc_row][vc_row disable_element=\"yes\"][vc_column][vc_empty_space][vc_column_text]\n<p>Il tema del Festival Internazionale di Poesia Europa in versi 2023 \u00e8 \u201cLa felicit\u00e0 poetica\u201d, cio\u00e8, in relazione al momento attuale, la poesia come massima espressione della creativit\u00e0 e sublimazione delle migliori energie dell\u2019essere umano, ma anche come luogo privilegiato di una \u201cfelicit\u00e0 interiore\u201d raramente raggiungibile con altri mezzi. Grazie alle poesie e testimonianze degli autori che parteciperanno, provenienti non solo dall\u2019Europa, ma da vari Paesi del mondo, il pubblico sar\u00e0 in particolare sensibilizzato a riflettere sulle ipotesi di una utopia di Felicit\u00e0 che oggi sembra essere sempre pi\u00f9 lontana e che forse pu\u00f2 essere ricercata su piani diversi da quelli relativi al successo economico.<\/p>\n[\/vc_column_text][\/vc_column][\/vc_row][vc_row][vc_column][vc_empty_space][vc_custom_heading text=\"PROGRAM OF THE 2024 EDITION\" font_container=\"tag:h1|text_align:left|color:%23646b45\" google_fonts=\"font_family:Oswald%3A300%2Cregular%2C700|font_style:700%20bold%20regular%3A700%3Anormal\"][vc_empty_space][\/vc_column][\/vc_row][vc_row][vc_column][vc_custom_heading text=\"Thursday 23 May 2024\" font_container=\"tag:h1|text_align:left|color:%23646b45\" google_fonts=\"font_family:Oswald%3A300%2Cregular%2C700|font_style:700%20bold%20regular%3A700%3Anormal\"][vc_column_text]h. 6 p.m. <strong>The Art Company Como, <\/strong>Via Borgovico 163 (cortile interno)<br \/>\n<strong><span style=\"color: #646b45;\">Nature and Beauty: Horizons of Poetry<\/span><br \/>\n<\/strong>Meeting with the poet Davide Rondoni. Presented by and in dialogue with the guest Stefano Donno, vicepresident of La Casa della poesia di Como ODV.[\/vc_column_text][\/vc_column][\/vc_row][vc_row][vc_column][vc_separator color=\"custom\" accent_color=\"#646b45\"][vc_custom_heading text=\"Friday 24 May 2024\" font_container=\"tag:h1|text_align:left|color:%23646b45\" google_fonts=\"font_family:Oswald%3A300%2Cregular%2C700|font_style:700%20bold%20regular%3A700%3Anormal\"][vc_column_text]h. 9 a.m.\u00a0<strong>Grand\u2019Aula del Liceo Alessandro Volta<br \/>\n<\/strong><strong><span style=\"color: #646b45;\">Poetry videos by young people: a new way of interpreting poetry<br \/>\n<\/span><\/strong><em>(Meeting reserved for students)<\/em>[\/vc_column_text][vc_column_text]h. 11 a.m. <b><strong>Aula Magna of the University of Insubria<\/strong><br \/>\n<\/b>via Sant\u2019Abbondio 12, Como<br \/>\n<span style=\"color: #646b45;\"><strong>Poetry in motion: a bridge between cultures<\/strong><\/span><br \/>\nIntercultural dialogue between students and guest poets of the Festival.[\/vc_column_text][vc_column_text]h. 6 p.m. - 8 p.m. <b><strong>Consulate General of the Republic of Korea<\/strong><br \/>\n<\/b>piazza Cavour 3, Milano<br \/>\n<strong><span style=\"color: #646b45;\">Poetry and culture: a poetic dialogue between Italy and Korea<br \/>\n<\/span><\/strong>Meeting between Italian and Korean poets as part of the celebrations of 140 years<br \/>\nof diplomatic relations between Italy and Korea.[\/vc_column_text][vc_btn title=\"BOOK HERE\" style=\"custom\" custom_background=\"#646b45\" custom_text=\"#ffffff\" shape=\"square\" size=\"sm\" link=\"url:https%3A%2F%2Fwww.eventbrite.it%2Fe%2Fbiglietti-poesia-e-cultura-un-dialogo-poetico-tra-corea-e-italia-862910086297|target:_blank\" css=\".vc_custom_1712159571490{padding-right: 10px !important;}\"][vc_separator color=\"custom\" accent_color=\"#646b45\"][\/vc_column][\/vc_row][vc_row][vc_column][vc_custom_heading text=\"Sabato 25 maggio 2024\" font_container=\"tag:h1|text_align:left|color:%23646b45\" google_fonts=\"font_family:Oswald%3A300%2Cregular%2C700|font_style:700%20bold%20regular%3A700%3Anormal\"][vc_column_text]ore 9:00 <strong>Aula Magna of Liceo Teresa Ciceri<\/strong>, via Carducci 9, Como<br \/>\n<strong><span style=\"color: #646b45;\">Poetry and young people: boundless creative expression<br \/>\n<\/span><\/strong><em>(Meeting reserved for students)<\/em>[\/vc_column_text][vc_column_text]from h. 3.30 p.m. <strong>Pinacoteca Civica di Como<\/strong>, Via Diaz 84<br \/>\n<strong><span style=\"color: #646b45;\">Poetry in motion: a multisensory experience<br \/>\n<\/span><\/strong>Introduced by Roberto Galaverni, cultural journalist for Corriere della Sera and literary critic.<br \/>\n<span style=\"color: #646b45;\"><strong>International poetry reading<\/strong><\/span>, musical interludes by Maestro Giovanni Cantaluppi and exhibition of works inspired by the poems by the students of Liceo Artistico I.S.I. S. Carcano.<br \/>\n<span style=\"color: #646b45;\"><strong>Award ceremony for the winners and finalists<\/strong><\/span> of the Europa Prize for Poetry and Fiction in Verse and Prose.[\/vc_column_text][vc_separator color=\"custom\" accent_color=\"#646b45\"][\/vc_column][\/vc_row][vc_row][vc_column][vc_custom_heading text=\"Sunday 26 May 2024\" font_container=\"tag:h1|text_align:left|color:%23646b45\" google_fonts=\"font_family:Oswald%3A300%2Cregular%2C700|font_style:700%20bold%20regular%3A700%3Anormal\"][vc_column_text]h. 10.15 a.m. - 12.30 p.m. <strong>Camnago Volta<\/strong>, Como<br \/>\n<span style=\"color: #646b45;\"><strong>Poetry in motion: a bridge between poetry, science and nature<\/strong><\/span><br \/>\nA walk through Camnago Volta with a grand finale at the clearing next to Ponte dei Bottini. In collaboration with the Associazione Sentiero dei Sogni.[\/vc_column_text][vc_btn title=\"BOOK HERE\" style=\"custom\" custom_background=\"#646b45\" custom_text=\"#ffffff\" shape=\"square\" size=\"sm\" link=\"url:https%3A%2F%2Fpontepoesia.eventbrite.it%2F|target:_blank\" css=\".vc_custom_1713260362854{padding-right: 10px !important;}\"][vc_column_text]from 6 p.m. <strong>Villa Sormani Marzorati Uva, <\/strong>piazza Sormani 1, Missaglia (LC)<br \/>\n<strong><span style=\"color: #646b45;\">Poetry: an art form without boundaries<br \/>\n<\/span><\/strong>Poetic dialogue between the audience, the poets and Roberto Galaverni, literary critic for Corriere della Sera.[\/vc_column_text][vc_separator color=\"custom\" accent_color=\"#646b45\"][\/vc_column][\/vc_row][vc_row][vc_column][vc_custom_heading text=\"Marted\u00ec 28 maggio 2024\" font_container=\"tag:h1|text_align:left|color:%23646b45\" google_fonts=\"font_family:Oswald%3A300%2Cregular%2C700|font_style:700%20bold%20regular%3A700%3Anormal\"][vc_column_text]h. 5 p.m. <strong>Consulate General of Mexico<\/strong>, Corso Matteotti 1, Milano<br \/>\n<strong><span style=\"color: #646b45;\">La poesia messicana contemporanea<br \/>\n<\/span><\/strong>Contemporary Mexican poetry. Meeting with the poet, narrator, essayist Marco Antonio Campos. The author dialogues with Emilio Coco, poet and translator. Some Italian poets will be present.<br \/>\n<em>Free entry, reservation required.<\/em>[\/vc_column_text][vc_btn title=\"BOOK HERE\" style=\"custom\" custom_background=\"#646b45\" custom_text=\"#ffffff\" shape=\"square\" size=\"sm\" link=\"url:https%3A%2F%2Fforms.gle%2Fqg5CcfFk3w1TVZ1L8|target:_blank\" css=\".vc_custom_1712159579494{padding-right: 10px !important;}\"][\/vc_column][\/vc_row][vc_row][vc_column][vc_text_separator title=\"INFORMATION\" color=\"custom\" accent_color=\"#71ae91\"][vc_column_text]\n<p style=\"text-align: center;\"><strong>FREE ADMISSION subject to availability<br \/>\n<em>Reservation required for events at the consulates.<\/em><\/strong><\/p>\n<p style=\"text-align: center;\"><a href=\"mailto:lacasadellapoesiadicomo@gmail.com\">lacasadellapoesiadicomo@gmail.com<\/a> | +39 3711092926<\/p>\n<p style=\"text-align: center;\"><em>In some of the events, students from the University of Insubria in Como and students from ENAIP in Como will be involved in welcoming the poets and the audience<\/em><\/p>\n[\/vc_column_text][\/vc_column][\/vc_row][vc_row][vc_column][vc_column_text]\n<p style=\"text-align: center;\"><span style=\"font-size: 10pt;\"><strong>Initiative implemented as part of the University of Insubria\u2019s programme to promote cultural and recreational activities for students<\/strong><\/span><\/p>\n[\/vc_column_text][vc_single_image image=\"10992\" img_size=\"full\" alignment=\"center\" style=\"vc_box_rounded\"][\/vc_column][\/vc_row]\n<\/div>","protected":false},"excerpt":{"rendered":"<p>[vc_row][vc_column width=\"1\/2\"][vc_single_image image=\"10766\" img_size=\"full\" alignment=\"center\"][\/vc_column][vc_column width=\"1\/2\"][vc_custom_heading text=\"POETRY IN MOTION: A BRIDGE BETWEEN CULTURES\" font_container=\"tag:h1|text_align:left|color:%23646b45\" google_fonts=\"font_family:Oswald%3A300%2Cregular%2C700|font_style:700%20bold%20regular%3A700%3Anormal\"][vc_column_text]14th Edition International Poetry Festival Artistic direction of Laura Garavaglia 23, 24, 25, 26 and 28 may 2024 THE ART COMPANY COMO LICEO ALESSANDRO VOLTA DELL\u2019UNIVERSIT\u00c0 DELL\u2019INSUBRIA CONSOLATO GENERALE DELLA REPUBBLICA DI COREA LICEO TERESA CICERI PINACOTECA CIVICA DI COMO VILLA <a href=\"https:\/\/europainversi.org\/en\/edition-2024\/\" class=\"more-link\">...continue reading<span class=\"screen-reader-text\"> \"EDIZIONE 2024\"<\/span><\/a><\/p>\n","protected":false},"author":8,"featured_media":0,"parent":0,"menu_order":0,"comment_status":"closed","ping_status":"closed","template":"page-templates\/full-width.php","meta":{"footnotes":""},"class_list":["post-10770","page","type-page","status-publish","h-entry","hentry","h-as-page"],"yoast_head":"<!-- This site is optimized with the Yoast SEO plugin v26.5 - https:\/\/yoast.com\/wordpress\/plugins\/seo\/ -->\n<title>Festival Europa in Versi edizione 2024 | Europa in Versi<\/title>\n<meta name=\"robots\" content=\"index, follow, max-snippet:-1, max-image-preview:large, max-video-preview:-1\" \/>\n<link rel=\"canonical\" href=\"https:\/\/europainversi.org\/en\/edition-2024\/\" \/>\n<meta property=\"og:locale\" content=\"en_US\" \/>\n<meta property=\"og:type\" content=\"article\" \/>\n<meta property=\"og:title\" content=\"Festival internazionale di poesia Europa in Versi 2024\" \/>\n<meta property=\"og:description\" content=\"POESIA IN MOVIMENTO: UN PONTE TRA CULTURE - 23, 24, 25, 26 e 28 maggio 2024\" \/>\n<meta property=\"og:url\" content=\"https:\/\/europainversi.org\/en\/edition-2024\/\" \/>\n<meta property=\"og:site_name\" content=\"Europa in Versi\" \/>\n<meta property=\"article:publisher\" content=\"https:\/\/www.facebook.com\/europainversi\" \/>\n<meta property=\"article:modified_time\" content=\"2024-04-30T11:19:42+00:00\" \/>\n<meta property=\"og:image\" content=\"https:\/\/europainversi.org\/wp-content\/uploads\/2024\/03\/EIV_2024.jpg\" \/>\n\t<meta property=\"og:image:width\" content=\"1000\" \/>\n\t<meta property=\"og:image:height\" content=\"750\" \/>\n\t<meta property=\"og:image:type\" content=\"image\/jpeg\" \/>\n<meta name=\"twitter:card\" content=\"summary_large_image\" \/>\n<meta name=\"twitter:site\" content=\"@EuropainVersi\" \/>\n<meta name=\"twitter:label1\" content=\"Est. reading time\" \/>\n\t<meta name=\"twitter:data1\" content=\"5 minutes\" \/>\n<script type=\"application\/ld+json\" class=\"yoast-schema-graph\">{\"@context\":\"https:\/\/schema.org\",\"@graph\":[{\"@type\":\"WebPage\",\"@id\":\"https:\/\/europainversi.org\/en\/edition-2024\/\",\"url\":\"https:\/\/europainversi.org\/en\/edition-2024\/\",\"name\":\"Festival Europa in Versi edizione 2024 | Europa in Versi\",\"isPartOf\":{\"@id\":\"https:\/\/europainversi.org\/en\/#website\"},\"datePublished\":\"2024-03-09T10:36:26+00:00\",\"dateModified\":\"2024-04-30T11:19:42+00:00\",\"breadcrumb\":{\"@id\":\"https:\/\/europainversi.org\/en\/edition-2024\/#breadcrumb\"},\"inLanguage\":\"en-US\",\"potentialAction\":[{\"@type\":\"ReadAction\",\"target\":[\"https:\/\/europainversi.org\/en\/edition-2024\/\"]}]},{\"@type\":\"BreadcrumbList\",\"@id\":\"https:\/\/europainversi.org\/en\/edition-2024\/#breadcrumb\",\"itemListElement\":[{\"@type\":\"ListItem\",\"position\":1,\"name\":\"Home\",\"item\":\"https:\/\/europainversi.org\/en\/\"},{\"@type\":\"ListItem\",\"position\":2,\"name\":\"EDIZIONE 2024\"}]},{\"@type\":\"WebSite\",\"@id\":\"https:\/\/europainversi.org\/en\/#website\",\"url\":\"https:\/\/europainversi.org\/en\/\",\"name\":\"Europa in Versi\",\"description\":\"Festival Internazionale di Poesia de La Casa della Poesia di Como\",\"publisher\":{\"@id\":\"https:\/\/europainversi.org\/en\/#organization\"},\"potentialAction\":[{\"@type\":\"SearchAction\",\"target\":{\"@type\":\"EntryPoint\",\"urlTemplate\":\"https:\/\/europainversi.org\/en\/?s={search_term_string}\"},\"query-input\":{\"@type\":\"PropertyValueSpecification\",\"valueRequired\":true,\"valueName\":\"search_term_string\"}}],\"inLanguage\":\"en-US\"},{\"@type\":\"Organization\",\"@id\":\"https:\/\/europainversi.org\/en\/#organization\",\"name\":\"Europa In Versi\",\"url\":\"https:\/\/europainversi.org\/en\/\",\"logo\":{\"@type\":\"ImageObject\",\"inLanguage\":\"en-US\",\"@id\":\"https:\/\/europainversi.org\/en\/#\/schema\/logo\/image\/\",\"url\":\"https:\/\/europainversi.org\/wp-content\/uploads\/2016\/10\/cropped-EIV_Logo_Elab_Icon.jpg\",\"contentUrl\":\"https:\/\/europainversi.org\/wp-content\/uploads\/2016\/10\/cropped-EIV_Logo_Elab_Icon.jpg\",\"width\":512,\"height\":512,\"caption\":\"Europa In Versi\"},\"image\":{\"@id\":\"https:\/\/europainversi.org\/en\/#\/schema\/logo\/image\/\"},\"sameAs\":[\"https:\/\/www.facebook.com\/europainversi\",\"https:\/\/x.com\/EuropainVersi\"]}]}<\/script>\n<!-- \/ Yoast SEO plugin. -->","yoast_head_json":{"title":"Festival Europa in Versi edizione 2024 | Europa in Versi","robots":{"index":"index","follow":"follow","max-snippet":"max-snippet:-1","max-image-preview":"max-image-preview:large","max-video-preview":"max-video-preview:-1"},"canonical":"https:\/\/europainversi.org\/en\/edition-2024\/","og_locale":"en_US","og_type":"article","og_title":"Festival internazionale di poesia Europa in Versi 2024","og_description":"POESIA IN MOVIMENTO: UN PONTE TRA CULTURE - 23, 24, 25, 26 e 28 maggio 2024","og_url":"https:\/\/europainversi.org\/en\/edition-2024\/","og_site_name":"Europa in Versi","article_publisher":"https:\/\/www.facebook.com\/europainversi","article_modified_time":"2024-04-30T11:19:42+00:00","og_image":[{"width":1000,"height":750,"url":"https:\/\/europainversi.org\/wp-content\/uploads\/2024\/03\/EIV_2024.jpg","type":"image\/jpeg"}],"twitter_card":"summary_large_image","twitter_site":"@EuropainVersi","twitter_misc":{"Est. reading time":"5 minutes"},"schema":{"@context":"https:\/\/schema.org","@graph":[{"@type":"WebPage","@id":"https:\/\/europainversi.org\/en\/edition-2024\/","url":"https:\/\/europainversi.org\/en\/edition-2024\/","name":"Festival Europa in Versi edizione 2024 | Europa in Versi","isPartOf":{"@id":"https:\/\/europainversi.org\/en\/#website"},"datePublished":"2024-03-09T10:36:26+00:00","dateModified":"2024-04-30T11:19:42+00:00","breadcrumb":{"@id":"https:\/\/europainversi.org\/en\/edition-2024\/#breadcrumb"},"inLanguage":"en-US","potentialAction":[{"@type":"ReadAction","target":["https:\/\/europainversi.org\/en\/edition-2024\/"]}]},{"@type":"BreadcrumbList","@id":"https:\/\/europainversi.org\/en\/edition-2024\/#breadcrumb","itemListElement":[{"@type":"ListItem","position":1,"name":"Home","item":"https:\/\/europainversi.org\/en\/"},{"@type":"ListItem","position":2,"name":"EDIZIONE 2024"}]},{"@type":"WebSite","@id":"https:\/\/europainversi.org\/en\/#website","url":"https:\/\/europainversi.org\/en\/","name":"Europa in Versi","description":"Festival Internazionale di Poesia de La Casa della Poesia di Como","publisher":{"@id":"https:\/\/europainversi.org\/en\/#organization"},"potentialAction":[{"@type":"SearchAction","target":{"@type":"EntryPoint","urlTemplate":"https:\/\/europainversi.org\/en\/?s={search_term_string}"},"query-input":{"@type":"PropertyValueSpecification","valueRequired":true,"valueName":"search_term_string"}}],"inLanguage":"en-US"},{"@type":"Organization","@id":"https:\/\/europainversi.org\/en\/#organization","name":"Europa In Versi","url":"https:\/\/europainversi.org\/en\/","logo":{"@type":"ImageObject","inLanguage":"en-US","@id":"https:\/\/europainversi.org\/en\/#\/schema\/logo\/image\/","url":"https:\/\/europainversi.org\/wp-content\/uploads\/2016\/10\/cropped-EIV_Logo_Elab_Icon.jpg","contentUrl":"https:\/\/europainversi.org\/wp-content\/uploads\/2016\/10\/cropped-EIV_Logo_Elab_Icon.jpg","width":512,"height":512,"caption":"Europa In Versi"},"image":{"@id":"https:\/\/europainversi.org\/en\/#\/schema\/logo\/image\/"},"sameAs":["https:\/\/www.facebook.com\/europainversi","https:\/\/x.com\/EuropainVersi"]}]}},"_links":{"self":[{"href":"https:\/\/europainversi.org\/en\/wp-json\/wp\/v2\/pages\/10770","targetHints":{"allow":["GET"]}}],"collection":[{"href":"https:\/\/europainversi.org\/en\/wp-json\/wp\/v2\/pages"}],"about":[{"href":"https:\/\/europainversi.org\/en\/wp-json\/wp\/v2\/types\/page"}],"author":[{"embeddable":true,"href":"https:\/\/europainversi.org\/en\/wp-json\/wp\/v2\/users\/8"}],"replies":[{"embeddable":true,"href":"https:\/\/europainversi.org\/en\/wp-json\/wp\/v2\/comments?post=10770"}],"version-history":[{"count":14,"href":"https:\/\/europainversi.org\/en\/wp-json\/wp\/v2\/pages\/10770\/revisions"}],"predecessor-version":[{"id":11000,"href":"https:\/\/europainversi.org\/en\/wp-json\/wp\/v2\/pages\/10770\/revisions\/11000"}],"wp:attachment":[{"href":"https:\/\/europainversi.org\/en\/wp-json\/wp\/v2\/media?parent=10770"}],"curies":[{"name":"wp","href":"https:\/\/api.w.org\/{rel}","templated":true}]}}